{"id":473,"date":"2024-05-02T07:33:23","date_gmt":"2024-05-02T07:33:23","guid":{"rendered":"https:\/\/www.epluse.fi\/?page_id=473"},"modified":"2026-02-19T12:19:22","modified_gmt":"2026-02-19T12:19:22","slug":"jaahallit","status":"publish","type":"page","link":"https:\/\/www.epluse.fi\/?page_id=473","title":{"rendered":"J\u00e4\u00e4hallit"},"content":{"rendered":"\n<div class=\"wp-block-columns alignwide is-layout-flex wp-container-core-columns-is-layout-9d6595d7 wp-block-columns-is-layout-flex\">\n<div class=\"wp-block-column is-layout-flow wp-block-column-is-layout-flow\">\n<p>J\u00e4\u00e4halleissa energiatehokkuuden parantamispotentiaali on suuri, sill\u00e4 niiden j\u00e4rjestelm\u00e4t ovat monimutkaisia, energiankulutus suurta ja olosuhteiden tasapaino vaikea yll\u00e4pit\u00e4\u00e4, kun j\u00e4\u00e4 halutaan pit\u00e4\u00e4 kylm\u00e4n\u00e4 ja ilma l\u00e4mpim\u00e4n\u00e4. Lis\u00e4ksi j\u00e4\u00e4hdytyksess\u00e4 syntyy suuri m\u00e4\u00e4r\u00e4 l\u00e4mp\u00f6\u00e4, jota ei aina oteta hy\u00f6tyk\u00e4ytt\u00f6\u00f6n. Erityispiirteidens\u00e4 vuoksi muihin kiinteist\u00f6ihin soveltuvat ratkaisut eiv\u00e4t usein sovi sellaisenaan sovellettavaksi j\u00e4\u00e4halleissa.<\/p>\n\n\n\n<p>Olemme palvelleet jo monia j\u00e4\u00e4halliasiakkaita ja kerrytt\u00e4neet vankan kokemuksen j\u00e4\u00e4hallien energiatehokkuuden erityispiirteist\u00e4.<\/p>\n<\/div>\n\n\n\n<div class=\"wp-block-column is-layout-flow wp-block-column-is-layout-flow\">\n<figure class=\"wp-block-embed is-type-video is-provider-youtube wp-block-embed-youtube wp-embed-aspect-16-9 wp-has-aspect-ratio\"><div class=\"wp-block-embed__wrapper\">\n<iframe loading=\"lazy\" title=\"EplusE referenssi: Imatran j\u00e4\u00e4halli\" width=\"750\" height=\"422\" src=\"https:\/\/www.youtube.com\/embed\/kEUojpCXLJo?feature=oembed\" frameborder=\"0\" allow=\"accelerometer; autoplay; clipboard-write; encrypted-media; gyroscope; picture-in-picture; web-share\" referrerpolicy=\"strict-origin-when-cross-origin\" allowfullscreen><\/iframe>\n<\/div><\/figure>\n<\/div>\n<\/div>\n\n\n\n<div class=\"wp-block-columns is-layout-flex wp-container-core-columns-is-layout-9d6595d7 wp-block-columns-is-layout-flex\">\n<div class=\"wp-block-column is-layout-flow wp-block-column-is-layout-flow\"><\/div>\n\n\n\n<div class=\"wp-block-column is-layout-flow wp-block-column-is-layout-flow\"><\/div>\n<\/div>\n\n\n\n<div class=\"wp-block-columns alignwide is-layout-flex wp-container-core-columns-is-layout-9d6595d7 wp-block-columns-is-layout-flex\">\n<div class=\"wp-block-column is-layout-flow wp-block-column-is-layout-flow\">\n<figure class=\"wp-block-image alignfull size-large\"><img loading=\"lazy\" decoding=\"async\" width=\"1024\" height=\"820\" src=\"https:\/\/www.epluse.fi\/wp-content\/uploads\/2026\/02\/IMG_7002_muokattu_web_54-1024x820.jpg\" alt=\"\" class=\"wp-image-571\" srcset=\"https:\/\/www.epluse.fi\/wp-content\/uploads\/2026\/02\/IMG_7002_muokattu_web_54-1024x820.jpg 1024w, https:\/\/www.epluse.fi\/wp-content\/uploads\/2026\/02\/IMG_7002_muokattu_web_54-300x240.jpg 300w, https:\/\/www.epluse.fi\/wp-content\/uploads\/2026\/02\/IMG_7002_muokattu_web_54-768x615.jpg 768w, https:\/\/www.epluse.fi\/wp-content\/uploads\/2026\/02\/IMG_7002_muokattu_web_54-1536x1230.jpg 1536w, https:\/\/www.epluse.fi\/wp-content\/uploads\/2026\/02\/IMG_7002_muokattu_web_54-2048x1640.jpg 2048w, https:\/\/www.epluse.fi\/wp-content\/uploads\/2026\/02\/IMG_7002_muokattu_web_54-1568x1256.jpg 1568w\" sizes=\"auto, (max-width: 1024px) 100vw, 1024px\" \/><figcaption class=\"wp-element-caption\"><em><strong>Imatran j\u00e4\u00e4halli:<\/strong><\/em> <br>Lauhdel\u00e4mm\u00f6n hy\u00f6tyk\u00e4ytt\u00f6investointi sek\u00e4 vedenkierr\u00e4tyslaitteisto-investointi<br><br>Imatralla on s\u00e4\u00e4stetty 900 MWh l\u00e4mp\u00f6\u00e4 vuodessa, kun kylm\u00e4n tuotannossa syntyv\u00e4\u00e4 lauhdel\u00e4mp\u00f6\u00e4 ohjattiin ulkoilman sijaan hallin ilmanvaihdon l\u00e4mmitykseen. <br><a href=\"https:\/\/www.epluse.fi\/?p=1(avaa uuden v\u00e4lilehden)\">Lue lis\u00e4\u00e4!<\/a><br><br>Lis\u00e4ksi Imatralla on syksyll\u00e4 2024 investoitu vedenkierr\u00e4tyslaitteistoon. Olimme mukana koko prosessin l\u00e4piviemisess\u00e4: laskimme investoinnin kannattavuuden, avustimme kilpailutuksessa sek\u00e4 valvoimme investoinnin toteutuksen.<\/figcaption><\/figure>\n<\/div>\n\n\n\n<div class=\"wp-block-column is-layout-flow wp-block-column-is-layout-flow\">\n<figure class=\"wp-block-image size-large\"><img loading=\"lazy\" decoding=\"async\" width=\"1024\" height=\"816\" src=\"https:\/\/www.epluse.fi\/wp-content\/uploads\/2026\/02\/Mantta_vaaka_web-1024x816.jpg\" alt=\"\" class=\"wp-image-575\" srcset=\"https:\/\/www.epluse.fi\/wp-content\/uploads\/2026\/02\/Mantta_vaaka_web-1024x816.jpg 1024w, https:\/\/www.epluse.fi\/wp-content\/uploads\/2026\/02\/Mantta_vaaka_web-300x239.jpg 300w, https:\/\/www.epluse.fi\/wp-content\/uploads\/2026\/02\/Mantta_vaaka_web-768x612.jpg 768w, https:\/\/www.epluse.fi\/wp-content\/uploads\/2026\/02\/Mantta_vaaka_web-1536x1225.jpg 1536w, https:\/\/www.epluse.fi\/wp-content\/uploads\/2026\/02\/Mantta_vaaka_web-2048x1633.jpg 2048w, https:\/\/www.epluse.fi\/wp-content\/uploads\/2026\/02\/Mantta_vaaka_web-1568x1250.jpg 1568w\" sizes=\"auto, (max-width: 1024px) 100vw, 1024px\" \/><figcaption class=\"wp-element-caption\"><strong><em>M\u00e4nt\u00e4n J\u00e4\u00e4areena: <\/em><\/strong><br>J\u00e4rjestelmien optimointi ja k\u00e4ytt\u00f6henkil\u00f6kunnan koulutus<br><br>M\u00e4nt\u00e4n J\u00e4\u00e4areenan laitteiden k\u00e4ytt\u00f6 ei ollut optimaalista, vaikka itse laitteet olivatkin energiatehokkaat.<br>Autoimme s\u00e4\u00e4t\u00e4m\u00e4\u00e4n j\u00e4\u00e4hallin toiminta-arvot kohdilleen, toteutimme j\u00e4\u00e4hallin k\u00e4ytt\u00f6henkil\u00f6kunnalle koulutuksia energiatehokkuuden n\u00e4k\u00f6kulmasta, sek\u00e4 teimme hallille toimintaselostuksen k\u00e4yt\u00f6n tueksi. <br><br>Et\u00e4tuemme j\u00e4\u00e4hallin henkil\u00f6kuntaa jatkuvasti erilaisissa energiatehokkuuteen ja laitteiston toimintaan liittyviss\u00e4 kysymyksiss\u00e4.<br><\/figcaption><\/figure>\n<\/div>\n\n\n\n<div class=\"wp-block-column is-layout-flow wp-block-column-is-layout-flow\">\n<figure class=\"wp-block-image size-large\"><img loading=\"lazy\" decoding=\"async\" width=\"1024\" height=\"820\" src=\"https:\/\/www.epluse.fi\/wp-content\/uploads\/2026\/02\/Kisapuisto_vaaka-1024x820.jpg\" alt=\"\" class=\"wp-image-569\" srcset=\"https:\/\/www.epluse.fi\/wp-content\/uploads\/2026\/02\/Kisapuisto_vaaka-1024x820.jpg 1024w, https:\/\/www.epluse.fi\/wp-content\/uploads\/2026\/02\/Kisapuisto_vaaka-300x240.jpg 300w, https:\/\/www.epluse.fi\/wp-content\/uploads\/2026\/02\/Kisapuisto_vaaka-768x615.jpg 768w, https:\/\/www.epluse.fi\/wp-content\/uploads\/2026\/02\/Kisapuisto_vaaka-1536x1230.jpg 1536w, https:\/\/www.epluse.fi\/wp-content\/uploads\/2026\/02\/Kisapuisto_vaaka-1568x1256.jpg 1568w, https:\/\/www.epluse.fi\/wp-content\/uploads\/2026\/02\/Kisapuisto_vaaka.jpg 1920w\" sizes=\"auto, (max-width: 1024px) 100vw, 1024px\" \/><figcaption class=\"wp-element-caption\"><strong><em>Kisapuisto (Lappeenranta):<\/em> <\/strong><br>J\u00e4\u00e4hallin energia-analyysi<br><br>Toteutimme kisapuston j\u00e4\u00e4halliin sek\u00e4 harjoitusj\u00e4\u00e4halliin energiatehokkuusselvitykset.<br><br><\/figcaption><\/figure>\n<\/div>\n<\/div>\n\n\n\n<div class=\"wp-block-columns alignwide is-layout-flex wp-container-core-columns-is-layout-9d6595d7 wp-block-columns-is-layout-flex\">\n<div class=\"wp-block-column is-layout-flow wp-block-column-is-layout-flow\">\n<figure class=\"wp-block-image alignfull size-full\"><img loading=\"lazy\" decoding=\"async\" width=\"600\" height=\"402\" src=\"https:\/\/www.epluse.fi\/wp-content\/uploads\/2026\/02\/Image_vaaka_web_32.jpg\" alt=\"\" class=\"wp-image-572\" srcset=\"https:\/\/www.epluse.fi\/wp-content\/uploads\/2026\/02\/Image_vaaka_web_32.jpg 600w, https:\/\/www.epluse.fi\/wp-content\/uploads\/2026\/02\/Image_vaaka_web_32-300x201.jpg 300w\" sizes=\"auto, (max-width: 600px) 100vw, 600px\" \/><figcaption class=\"wp-element-caption\"><strong><em>Isom\u00e4en j\u00e4\u00e4areena (Pori):<\/em> <\/strong><br>J\u00e4\u00e4hallin energia-analyysi ja kuukausioptimointisopimus<br><br>Toteutimme j\u00e4\u00e4arenaalle energiatehokkuusanalyysin sek\u00e4 autoimme j\u00e4\u00e4hallin k\u00e4ytt\u00f6henkil\u00f6kuntaa l\u00f6yt\u00e4m\u00e4\u00e4n ja yll\u00e4pit\u00e4m\u00e4\u00e4n energiatehokkuuden ja olosuhteiden kannalta optimaaliset s\u00e4\u00e4d\u00f6t. Lis\u00e4ksi raportoimme saavutetut s\u00e4\u00e4st\u00f6t kuukausittain.<\/figcaption><\/figure>\n<\/div>\n\n\n\n<div class=\"wp-block-column is-layout-flow wp-block-column-is-layout-flow\">\n<figure class=\"wp-block-image size-full\"><img loading=\"lazy\" decoding=\"async\" width=\"576\" height=\"383\" src=\"https:\/\/www.epluse.fi\/wp-content\/uploads\/2026\/02\/Mikkeli_web_32.png\" alt=\"\" class=\"wp-image-582\" srcset=\"https:\/\/www.epluse.fi\/wp-content\/uploads\/2026\/02\/Mikkeli_web_32.png 576w, https:\/\/www.epluse.fi\/wp-content\/uploads\/2026\/02\/Mikkeli_web_32-300x199.png 300w\" sizes=\"auto, (max-width: 576px) 100vw, 576px\" \/><figcaption class=\"wp-element-caption\"><em><strong>Mikkelin j\u00e4\u00e4halli:<\/strong><\/em> <br>J\u00e4\u00e4hallin energiaselvitys, toteutussuunnittelun johtaminen<br><br>Selvitys lauhdel\u00e4mm\u00f6n hy\u00f6tyk\u00e4yt\u00f6st\u00e4 ja muista parannuksista, investointituen haku, toteutussuunnittelun johtaminen. <\/figcaption><\/figure>\n<\/div>\n\n\n\n<div class=\"wp-block-column is-layout-flow wp-block-column-is-layout-flow\">\n<figure class=\"wp-block-image size-full is-resized\"><img loading=\"lazy\" decoding=\"async\" width=\"1008\" height=\"806\" src=\"https:\/\/www.epluse.fi\/wp-content\/uploads\/2026\/02\/Rovaniemi_web_54.png\" alt=\"\" class=\"wp-image-581\" style=\"aspect-ratio:1.5275590551181102;width:388px;height:auto\" srcset=\"https:\/\/www.epluse.fi\/wp-content\/uploads\/2026\/02\/Rovaniemi_web_54.png 1008w, https:\/\/www.epluse.fi\/wp-content\/uploads\/2026\/02\/Rovaniemi_web_54-300x240.png 300w, https:\/\/www.epluse.fi\/wp-content\/uploads\/2026\/02\/Rovaniemi_web_54-768x614.png 768w\" sizes=\"auto, (max-width: 1008px) 100vw, 1008px\" \/><figcaption class=\"wp-element-caption\"><em><strong>Lappi-Areena (Rovaniemi):<\/strong><\/em><br>J\u00e4\u00e4hallin energiaselvitys<br><br>Toteutimme areenakokonaisuuteen harjoitushalleineen laajan energiaselvityksen.<\/figcaption><\/figure>\n<\/div>\n<\/div>\n\n\n\n<div class=\"wp-block-columns alignwide is-layout-flex wp-container-core-columns-is-layout-9d6595d7 wp-block-columns-is-layout-flex\">\n<div class=\"wp-block-column is-layout-flow wp-block-column-is-layout-flow\"><\/div>\n\n\n\n<div class=\"wp-block-column is-layout-flow wp-block-column-is-layout-flow\">\n<figure class=\"wp-block-image size-full\"><img loading=\"lazy\" decoding=\"async\" width=\"2560\" height=\"1706\" src=\"https:\/\/www.epluse.fi\/wp-content\/uploads\/2023\/02\/lauhdutin-scaled.jpg\" alt=\"\" class=\"wp-image-316\" srcset=\"https:\/\/www.epluse.fi\/wp-content\/uploads\/2023\/02\/lauhdutin-scaled.jpg 2560w, https:\/\/www.epluse.fi\/wp-content\/uploads\/2023\/02\/lauhdutin-300x200.jpg 300w, https:\/\/www.epluse.fi\/wp-content\/uploads\/2023\/02\/lauhdutin-1024x683.jpg 1024w, https:\/\/www.epluse.fi\/wp-content\/uploads\/2023\/02\/lauhdutin-768x512.jpg 768w, https:\/\/www.epluse.fi\/wp-content\/uploads\/2023\/02\/lauhdutin-1536x1024.jpg 1536w, https:\/\/www.epluse.fi\/wp-content\/uploads\/2023\/02\/lauhdutin-2048x1365.jpg 2048w, https:\/\/www.epluse.fi\/wp-content\/uploads\/2023\/02\/lauhdutin-1568x1045.jpg 1568w\" sizes=\"auto, (max-width: 2560px) 100vw, 2560px\" \/><figcaption class=\"wp-element-caption\"><em><strong>Tesoman j\u00e4\u00e4halli ja uimahalli (Tampere):<\/strong><\/em><br>J\u00e4\u00e4hallin sek\u00e4 uimahallin energiatehokkuusanalyysi <br><br>Analysoimme j\u00e4\u00e4hallin nykyisten j\u00e4rjestelmien toiminnan, laskimme lauhdel\u00e4mm\u00f6n hy\u00f6dynt\u00e4misen sek\u00e4 vedenkierr\u00e4tyskoneiston s\u00e4\u00e4st\u00f6potentiaalin, sek\u00e4 selvitimme uimahallin energiavirrat ja mahdollisuuden synergiaan tuntitasolla.. <\/figcaption><\/figure>\n<\/div>\n\n\n\n<div class=\"wp-block-column is-layout-flow wp-block-column-is-layout-flow\"><\/div>\n<\/div>\n\n\n\n<p>Ensin selvit\u00e4mme j\u00e4\u00e4hallin energiatehokkuuden nykytilan sek\u00e4 analysoimme kohteeseen kannattavimmat toimenpiteet ja investoinnit. J\u00e4\u00e4hallin energiatehokkuusanalyysi ja -selvitys voi sis\u00e4lt\u00e4\u00e4 muun muassa:<\/p>\n\n\n\n<ul class=\"wp-block-list\">\n<li>J\u00e4\u00e4hallin nykyisten j\u00e4rjestelmien toiminta-analyysin<\/li>\n\n\n\n<li>Lauhdel\u00e4mm\u00f6n hy\u00f6dynt\u00e4mispotentiaalin arvion tuntitasolla: s\u00e4\u00e4stett\u00e4v\u00e4 energia, kustannuss\u00e4\u00e4st\u00f6t ja investointihinta-arvio<\/li>\n\n\n\n<li>Vedenkierr\u00e4tyskoneiston kannattavuuslaskelman: kustannuss\u00e4\u00e4st\u00f6t sek\u00e4 investointihinta-arvio<\/li>\n\n\n\n<li>Aurinkos\u00e4hk\u00f6n kannattavuuslaskelman<\/li>\n\n\n\n<li>Muut j\u00e4\u00e4hallin energiatehokkuuteen liittyv\u00e4t erityispiirteet k\u00e4ynnin perusteella<\/li>\n<\/ul>\n\n\n\n<p>Kun kannattavimmat toimenpiteet on l\u00f6ydetty, autamme k\u00e4ytt\u00f6henkil\u00f6kuntaa l\u00f6yt\u00e4m\u00e4\u00e4n ja yll\u00e4pit\u00e4m\u00e4\u00e4n energiatehokkuuden sek\u00e4 olosuhteiden kannalta optimaalisimmat s\u00e4\u00e4d\u00f6t, raportoimme saavutetut s\u00e4\u00e4st\u00f6t kuukausittain ja et\u00e4tuemme k\u00e4ytt\u00f6henkil\u00f6kuntaa aina tarvittaessa.<\/p>\n\n\n\n<ul class=\"wp-block-list\">\n<li>EplusEn optimointi -kuukausisopimus<\/li>\n<\/ul>\n\n\n\n<p>Lis\u00e4ksi autamme tarvittaessa investointien kilpailutuksessa, mahdollisten tukien hakemisessa sek\u00e4 toteutuksen valvonnassa.<\/p>\n\n\n\n<div class=\"wp-block-buttons is-content-justification-center is-layout-flex wp-container-core-buttons-is-layout-16018d1d wp-block-buttons-is-layout-flex\">\n<div class=\"wp-block-button\"><a class=\"wp-block-button__link wp-element-button\" href=\"https:\/\/www.epluse.fi\/?page_id=14\">Ota yhteytt\u00e4!<\/a><\/div>\n<\/div>\n","protected":false},"excerpt":{"rendered":"<p>J\u00e4\u00e4halleissa energiatehokkuuden parantamispotentiaali on suuri, sill\u00e4 niiden j\u00e4rjestelm\u00e4t ovat monimutkaisia, energiankulutus suurta ja olosuhteiden tasapaino vaikea yll\u00e4pit\u00e4\u00e4, kun j\u00e4\u00e4 halutaan pit\u00e4\u00e4 kylm\u00e4n\u00e4 ja ilma l\u00e4mpim\u00e4n\u00e4. Lis\u00e4ksi j\u00e4\u00e4hdytyksess\u00e4 syntyy suuri m\u00e4\u00e4r\u00e4 l\u00e4mp\u00f6\u00e4, jota ei aina oteta hy\u00f6tyk\u00e4ytt\u00f6\u00f6n. Erityispiirteidens\u00e4 vuoksi muihin kiinteist\u00f6ihin soveltuvat ratkaisut eiv\u00e4t usein sovi sellaisenaan sovellettavaksi j\u00e4\u00e4halleissa. Olemme palvelleet jo monia j\u00e4\u00e4halliasiakkaita ja kerrytt\u00e4neet&hellip; <a class=\"more-link\" href=\"https:\/\/www.epluse.fi\/?page_id=473\">Jatka lukemista <span class=\"screen-reader-text\">J\u00e4\u00e4hallit<\/span><\/a><\/p>\n","protected":false},"author":1,"featured_media":0,"parent":0,"menu_order":0,"comment_status":"closed","ping_status":"closed","template":"","meta":{"footnotes":""},"class_list":["post-473","page","type-page","status-publish","hentry","entry"],"yoast_head":"<!-- This site is optimized with the Yoast SEO plugin v27.5 - https:\/\/yoast.com\/product\/yoast-seo-wordpress\/ -->\n<title>J\u00e4\u00e4hallit - Energy Plus Engineering Oy<\/title>\n<meta name=\"robots\" content=\"index, follow, max-snippet:-1, max-image-preview:large, max-video-preview:-1\" \/>\n<link rel=\"canonical\" href=\"https:\/\/www.epluse.fi\/?page_id=473\" \/>\n<meta property=\"og:locale\" content=\"fi_FI\" \/>\n<meta property=\"og:type\" content=\"article\" \/>\n<meta property=\"og:title\" content=\"J\u00e4\u00e4hallit - Energy Plus Engineering Oy\" \/>\n<meta property=\"og:description\" content=\"J\u00e4\u00e4halleissa energiatehokkuuden parantamispotentiaali on suuri, sill\u00e4 niiden j\u00e4rjestelm\u00e4t ovat monimutkaisia, energiankulutus suurta ja olosuhteiden tasapaino vaikea yll\u00e4pit\u00e4\u00e4, kun j\u00e4\u00e4 halutaan pit\u00e4\u00e4 kylm\u00e4n\u00e4 ja ilma l\u00e4mpim\u00e4n\u00e4. Lis\u00e4ksi j\u00e4\u00e4hdytyksess\u00e4 syntyy suuri m\u00e4\u00e4r\u00e4 l\u00e4mp\u00f6\u00e4, jota ei aina oteta hy\u00f6tyk\u00e4ytt\u00f6\u00f6n. Erityispiirteidens\u00e4 vuoksi muihin kiinteist\u00f6ihin soveltuvat ratkaisut eiv\u00e4t usein sovi sellaisenaan sovellettavaksi j\u00e4\u00e4halleissa. Olemme palvelleet jo monia j\u00e4\u00e4halliasiakkaita ja kerrytt\u00e4neet&hellip; Jatka lukemista J\u00e4\u00e4hallit\" \/>\n<meta property=\"og:url\" content=\"https:\/\/www.epluse.fi\/?page_id=473\" \/>\n<meta property=\"og:site_name\" content=\"Energy Plus Engineering Oy\" \/>\n<meta property=\"article:modified_time\" content=\"2026-02-19T12:19:22+00:00\" \/>\n<meta property=\"og:image\" content=\"https:\/\/www.epluse.fi\/wp-content\/uploads\/2026\/02\/IMG_7002_muokattu_web_54-scaled.jpg\" \/>\n\t<meta property=\"og:image:width\" content=\"2560\" \/>\n\t<meta property=\"og:image:height\" content=\"2050\" \/>\n\t<meta property=\"og:image:type\" content=\"image\/jpeg\" \/>\n<meta name=\"twitter:card\" content=\"summary_large_image\" \/>\n<meta name=\"twitter:label1\" content=\"Arvioitu lukuaika\" \/>\n\t<meta name=\"twitter:data1\" content=\"4 minuuttia\" \/>\n<script type=\"application\/ld+json\" class=\"yoast-schema-graph\">{\"@context\":\"https:\\\/\\\/schema.org\",\"@graph\":[{\"@type\":\"WebPage\",\"@id\":\"https:\\\/\\\/www.epluse.fi\\\/?page_id=473\",\"url\":\"https:\\\/\\\/www.epluse.fi\\\/?page_id=473\",\"name\":\"J\u00e4\u00e4hallit - Energy Plus Engineering Oy\",\"isPartOf\":{\"@id\":\"https:\\\/\\\/www.epluse.fi\\\/#website\"},\"primaryImageOfPage\":{\"@id\":\"https:\\\/\\\/www.epluse.fi\\\/?page_id=473#primaryimage\"},\"image\":{\"@id\":\"https:\\\/\\\/www.epluse.fi\\\/?page_id=473#primaryimage\"},\"thumbnailUrl\":\"https:\\\/\\\/www.epluse.fi\\\/wp-content\\\/uploads\\\/2026\\\/02\\\/IMG_7002_muokattu_web_54-1024x820.jpg\",\"datePublished\":\"2024-05-02T07:33:23+00:00\",\"dateModified\":\"2026-02-19T12:19:22+00:00\",\"breadcrumb\":{\"@id\":\"https:\\\/\\\/www.epluse.fi\\\/?page_id=473#breadcrumb\"},\"inLanguage\":\"fi\",\"potentialAction\":[{\"@type\":\"ReadAction\",\"target\":[\"https:\\\/\\\/www.epluse.fi\\\/?page_id=473\"]}]},{\"@type\":\"ImageObject\",\"inLanguage\":\"fi\",\"@id\":\"https:\\\/\\\/www.epluse.fi\\\/?page_id=473#primaryimage\",\"url\":\"https:\\\/\\\/www.epluse.fi\\\/wp-content\\\/uploads\\\/2026\\\/02\\\/IMG_7002_muokattu_web_54-scaled.jpg\",\"contentUrl\":\"https:\\\/\\\/www.epluse.fi\\\/wp-content\\\/uploads\\\/2026\\\/02\\\/IMG_7002_muokattu_web_54-scaled.jpg\",\"width\":2560,\"height\":2050},{\"@type\":\"BreadcrumbList\",\"@id\":\"https:\\\/\\\/www.epluse.fi\\\/?page_id=473#breadcrumb\",\"itemListElement\":[{\"@type\":\"ListItem\",\"position\":1,\"name\":\"Etusivu\",\"item\":\"https:\\\/\\\/www.epluse.fi\\\/\"},{\"@type\":\"ListItem\",\"position\":2,\"name\":\"J\u00e4\u00e4hallit\"}]},{\"@type\":\"WebSite\",\"@id\":\"https:\\\/\\\/www.epluse.fi\\\/#website\",\"url\":\"https:\\\/\\\/www.epluse.fi\\\/\",\"name\":\"Energy Plus Engineering Oy\",\"description\":\"\",\"publisher\":{\"@id\":\"https:\\\/\\\/www.epluse.fi\\\/#organization\"},\"potentialAction\":[{\"@type\":\"SearchAction\",\"target\":{\"@type\":\"EntryPoint\",\"urlTemplate\":\"https:\\\/\\\/www.epluse.fi\\\/?s={search_term_string}\"},\"query-input\":{\"@type\":\"PropertyValueSpecification\",\"valueRequired\":true,\"valueName\":\"search_term_string\"}}],\"inLanguage\":\"fi\"},{\"@type\":\"Organization\",\"@id\":\"https:\\\/\\\/www.epluse.fi\\\/#organization\",\"name\":\"Energy Plus Engineering Oy\",\"url\":\"https:\\\/\\\/www.epluse.fi\\\/\",\"logo\":{\"@type\":\"ImageObject\",\"inLanguage\":\"fi\",\"@id\":\"https:\\\/\\\/www.epluse.fi\\\/#\\\/schema\\\/logo\\\/image\\\/\",\"url\":\"https:\\\/\\\/www.epluse.fi\\\/wp-content\\\/uploads\\\/2021\\\/07\\\/cropped-EE_logo_RGB_musta.jpg\",\"contentUrl\":\"https:\\\/\\\/www.epluse.fi\\\/wp-content\\\/uploads\\\/2021\\\/07\\\/cropped-EE_logo_RGB_musta.jpg\",\"width\":354,\"height\":421,\"caption\":\"Energy Plus Engineering Oy\"},\"image\":{\"@id\":\"https:\\\/\\\/www.epluse.fi\\\/#\\\/schema\\\/logo\\\/image\\\/\"},\"sameAs\":[\"https:\\\/\\\/www.linkedin.com\\\/company\\\/energy-plus-engineering-oy\"]}]}<\/script>\n<!-- \/ Yoast SEO plugin. -->","yoast_head_json":{"title":"J\u00e4\u00e4hallit - Energy Plus Engineering Oy","robots":{"index":"index","follow":"follow","max-snippet":"max-snippet:-1","max-image-preview":"max-image-preview:large","max-video-preview":"max-video-preview:-1"},"canonical":"https:\/\/www.epluse.fi\/?page_id=473","og_locale":"fi_FI","og_type":"article","og_title":"J\u00e4\u00e4hallit - Energy Plus Engineering Oy","og_description":"J\u00e4\u00e4halleissa energiatehokkuuden parantamispotentiaali on suuri, sill\u00e4 niiden j\u00e4rjestelm\u00e4t ovat monimutkaisia, energiankulutus suurta ja olosuhteiden tasapaino vaikea yll\u00e4pit\u00e4\u00e4, kun j\u00e4\u00e4 halutaan pit\u00e4\u00e4 kylm\u00e4n\u00e4 ja ilma l\u00e4mpim\u00e4n\u00e4. Lis\u00e4ksi j\u00e4\u00e4hdytyksess\u00e4 syntyy suuri m\u00e4\u00e4r\u00e4 l\u00e4mp\u00f6\u00e4, jota ei aina oteta hy\u00f6tyk\u00e4ytt\u00f6\u00f6n. Erityispiirteidens\u00e4 vuoksi muihin kiinteist\u00f6ihin soveltuvat ratkaisut eiv\u00e4t usein sovi sellaisenaan sovellettavaksi j\u00e4\u00e4halleissa. Olemme palvelleet jo monia j\u00e4\u00e4halliasiakkaita ja kerrytt\u00e4neet&hellip; Jatka lukemista J\u00e4\u00e4hallit","og_url":"https:\/\/www.epluse.fi\/?page_id=473","og_site_name":"Energy Plus Engineering Oy","article_modified_time":"2026-02-19T12:19:22+00:00","og_image":[{"width":2560,"height":2050,"url":"https:\/\/www.epluse.fi\/wp-content\/uploads\/2026\/02\/IMG_7002_muokattu_web_54-scaled.jpg","type":"image\/jpeg"}],"twitter_card":"summary_large_image","twitter_misc":{"Arvioitu lukuaika":"4 minuuttia"},"schema":{"@context":"https:\/\/schema.org","@graph":[{"@type":"WebPage","@id":"https:\/\/www.epluse.fi\/?page_id=473","url":"https:\/\/www.epluse.fi\/?page_id=473","name":"J\u00e4\u00e4hallit - Energy Plus Engineering Oy","isPartOf":{"@id":"https:\/\/www.epluse.fi\/#website"},"primaryImageOfPage":{"@id":"https:\/\/www.epluse.fi\/?page_id=473#primaryimage"},"image":{"@id":"https:\/\/www.epluse.fi\/?page_id=473#primaryimage"},"thumbnailUrl":"https:\/\/www.epluse.fi\/wp-content\/uploads\/2026\/02\/IMG_7002_muokattu_web_54-1024x820.jpg","datePublished":"2024-05-02T07:33:23+00:00","dateModified":"2026-02-19T12:19:22+00:00","breadcrumb":{"@id":"https:\/\/www.epluse.fi\/?page_id=473#breadcrumb"},"inLanguage":"fi","potentialAction":[{"@type":"ReadAction","target":["https:\/\/www.epluse.fi\/?page_id=473"]}]},{"@type":"ImageObject","inLanguage":"fi","@id":"https:\/\/www.epluse.fi\/?page_id=473#primaryimage","url":"https:\/\/www.epluse.fi\/wp-content\/uploads\/2026\/02\/IMG_7002_muokattu_web_54-scaled.jpg","contentUrl":"https:\/\/www.epluse.fi\/wp-content\/uploads\/2026\/02\/IMG_7002_muokattu_web_54-scaled.jpg","width":2560,"height":2050},{"@type":"BreadcrumbList","@id":"https:\/\/www.epluse.fi\/?page_id=473#breadcrumb","itemListElement":[{"@type":"ListItem","position":1,"name":"Etusivu","item":"https:\/\/www.epluse.fi\/"},{"@type":"ListItem","position":2,"name":"J\u00e4\u00e4hallit"}]},{"@type":"WebSite","@id":"https:\/\/www.epluse.fi\/#website","url":"https:\/\/www.epluse.fi\/","name":"Energy Plus Engineering Oy","description":"","publisher":{"@id":"https:\/\/www.epluse.fi\/#organization"},"potentialAction":[{"@type":"SearchAction","target":{"@type":"EntryPoint","urlTemplate":"https:\/\/www.epluse.fi\/?s={search_term_string}"},"query-input":{"@type":"PropertyValueSpecification","valueRequired":true,"valueName":"search_term_string"}}],"inLanguage":"fi"},{"@type":"Organization","@id":"https:\/\/www.epluse.fi\/#organization","name":"Energy Plus Engineering Oy","url":"https:\/\/www.epluse.fi\/","logo":{"@type":"ImageObject","inLanguage":"fi","@id":"https:\/\/www.epluse.fi\/#\/schema\/logo\/image\/","url":"https:\/\/www.epluse.fi\/wp-content\/uploads\/2021\/07\/cropped-EE_logo_RGB_musta.jpg","contentUrl":"https:\/\/www.epluse.fi\/wp-content\/uploads\/2021\/07\/cropped-EE_logo_RGB_musta.jpg","width":354,"height":421,"caption":"Energy Plus Engineering Oy"},"image":{"@id":"https:\/\/www.epluse.fi\/#\/schema\/logo\/image\/"},"sameAs":["https:\/\/www.linkedin.com\/company\/energy-plus-engineering-oy"]}]}},"_links":{"self":[{"href":"https:\/\/www.epluse.fi\/index.php?rest_route=\/wp\/v2\/pages\/473","targetHints":{"allow":["GET"]}}],"collection":[{"href":"https:\/\/www.epluse.fi\/index.php?rest_route=\/wp\/v2\/pages"}],"about":[{"href":"https:\/\/www.epluse.fi\/index.php?rest_route=\/wp\/v2\/types\/page"}],"author":[{"embeddable":true,"href":"https:\/\/www.epluse.fi\/index.php?rest_route=\/wp\/v2\/users\/1"}],"replies":[{"embeddable":true,"href":"https:\/\/www.epluse.fi\/index.php?rest_route=%2Fwp%2Fv2%2Fcomments&post=473"}],"version-history":[{"count":13,"href":"https:\/\/www.epluse.fi\/index.php?rest_route=\/wp\/v2\/pages\/473\/revisions"}],"predecessor-version":[{"id":618,"href":"https:\/\/www.epluse.fi\/index.php?rest_route=\/wp\/v2\/pages\/473\/revisions\/618"}],"wp:attachment":[{"href":"https:\/\/www.epluse.fi\/index.php?rest_route=%2Fwp%2Fv2%2Fmedia&parent=473"}],"curies":[{"name":"wp","href":"https:\/\/api.w.org\/{rel}","templated":true}]}}