{"id":387,"date":"2023-08-01T13:05:15","date_gmt":"2023-08-01T13:05:15","guid":{"rendered":"https:\/\/www.epluse.fi\/?page_id=387"},"modified":"2026-03-04T12:52:28","modified_gmt":"2026-03-04T12:52:28","slug":"energiatodistukset","status":"publish","type":"page","link":"https:\/\/www.epluse.fi\/?page_id=387","title":{"rendered":"Katselmukset ja energiatodistukset"},"content":{"rendered":"\n<p>Teemme my\u00f6s energiakatselmuksia sek\u00e4 lainvaatimia energiatodistuksia.<\/p>\n\n\n\n<figure class=\"wp-block-image size-large\"><img loading=\"lazy\" decoding=\"async\" width=\"1024\" height=\"683\" src=\"https:\/\/www.epluse.fi\/wp-content\/uploads\/2023\/02\/IMG_6764-1024x683.jpg\" alt=\"\" class=\"wp-image-231\" srcset=\"https:\/\/www.epluse.fi\/wp-content\/uploads\/2023\/02\/IMG_6764-1024x683.jpg 1024w, https:\/\/www.epluse.fi\/wp-content\/uploads\/2023\/02\/IMG_6764-300x200.jpg 300w, https:\/\/www.epluse.fi\/wp-content\/uploads\/2023\/02\/IMG_6764-768x512.jpg 768w, https:\/\/www.epluse.fi\/wp-content\/uploads\/2023\/02\/IMG_6764-1536x1024.jpg 1536w, https:\/\/www.epluse.fi\/wp-content\/uploads\/2023\/02\/IMG_6764-2048x1365.jpg 2048w, https:\/\/www.epluse.fi\/wp-content\/uploads\/2023\/02\/IMG_6764-1568x1045.jpg 1568w\" sizes=\"auto, (max-width: 1024px) 100vw, 1024px\" \/><\/figure>\n\n\n\n<p>Sek\u00e4 energiakatselmusta ett\u00e4 energiatodistusta laatiessa meille on erityisen t\u00e4rke\u00e4\u00e4 tuottaa konkreettista, ymm\u00e4rrett\u00e4v\u00e4\u00e4 ja luotettavaa tietoa kohteen energiatehokkuudesta. Annamme aina my\u00f6s selkeit\u00e4 ehdotuksia kohteen energiatehokkuuden parantamiseksi ja energiakustannusten s\u00e4\u00e4st\u00e4miseksi.<\/p>\n\n\n\n<p>Yrityksemme asiantuntijalla on Energiaviraston my\u00f6nt\u00e4m\u00e4 energiakatselmuksen vastuuhenkil\u00f6n p\u00e4tevyys sek\u00e4 FISE Oy:n my\u00f6nt\u00e4m\u00e4 ylemm\u00e4n tason energiatodistuksen laatijan p\u00e4tevyys. Teemme energiatodistuksia p\u00e4\u00e4asiassa Etel\u00e4-Karjalan, Keski-Suomen, Kymenlaakson, P\u00e4ij\u00e4t-H\u00e4meen ja Pirkanmaan alueilla, sopimuksen mukaan my\u00f6s muualla Suomessa. Energiatodistus voidaan laatia my\u00f6s yhdess\u00e4 tarkemman energiaselvityksen kanssa.<\/p>\n\n\n\n<p><a href=\"https:\/\/www.epluse.fi\/?page_id=14\">Ota yhteytt\u00e4<\/a> ja pyyd\u00e4 tarjous katselmuksesta tai energiatodistuksesta kohteeseesi!<\/p>\n","protected":false},"excerpt":{"rendered":"<p>Teemme my\u00f6s energiakatselmuksia sek\u00e4 lainvaatimia energiatodistuksia. Sek\u00e4 energiakatselmusta ett\u00e4 energiatodistusta laatiessa meille on erityisen t\u00e4rke\u00e4\u00e4 tuottaa konkreettista, ymm\u00e4rrett\u00e4v\u00e4\u00e4 ja luotettavaa tietoa kohteen energiatehokkuudesta. Annamme aina my\u00f6s selkeit\u00e4 ehdotuksia kohteen energiatehokkuuden parantamiseksi ja energiakustannusten s\u00e4\u00e4st\u00e4miseksi. Yrityksemme asiantuntijalla on Energiaviraston my\u00f6nt\u00e4m\u00e4 energiakatselmuksen vastuuhenkil\u00f6n p\u00e4tevyys sek\u00e4 FISE Oy:n my\u00f6nt\u00e4m\u00e4 ylemm\u00e4n tason energiatodistuksen laatijan p\u00e4tevyys. Teemme energiatodistuksia p\u00e4\u00e4asiassa Etel\u00e4-Karjalan,&hellip; <a class=\"more-link\" href=\"https:\/\/www.epluse.fi\/?page_id=387\">Jatka lukemista <span class=\"screen-reader-text\">Katselmukset ja energiatodistukset<\/span><\/a><\/p>\n","protected":false},"author":1,"featured_media":0,"parent":0,"menu_order":0,"comment_status":"closed","ping_status":"closed","template":"","meta":{"footnotes":""},"class_list":["post-387","page","type-page","status-publish","hentry","entry"],"yoast_head":"<!-- This site is optimized with the Yoast SEO plugin v27.5 - https:\/\/yoast.com\/product\/yoast-seo-wordpress\/ -->\n<title>Katselmukset ja energiatodistukset - Energy Plus Engineering Oy<\/title>\n<meta name=\"robots\" content=\"index, follow, max-snippet:-1, max-image-preview:large, max-video-preview:-1\" \/>\n<link rel=\"canonical\" href=\"https:\/\/www.epluse.fi\/?page_id=387\" \/>\n<meta property=\"og:locale\" content=\"fi_FI\" \/>\n<meta property=\"og:type\" content=\"article\" \/>\n<meta property=\"og:title\" content=\"Katselmukset ja energiatodistukset - Energy Plus Engineering Oy\" \/>\n<meta property=\"og:description\" content=\"Teemme my\u00f6s energiakatselmuksia sek\u00e4 lainvaatimia energiatodistuksia. Sek\u00e4 energiakatselmusta ett\u00e4 energiatodistusta laatiessa meille on erityisen t\u00e4rke\u00e4\u00e4 tuottaa konkreettista, ymm\u00e4rrett\u00e4v\u00e4\u00e4 ja luotettavaa tietoa kohteen energiatehokkuudesta. Annamme aina my\u00f6s selkeit\u00e4 ehdotuksia kohteen energiatehokkuuden parantamiseksi ja energiakustannusten s\u00e4\u00e4st\u00e4miseksi. Yrityksemme asiantuntijalla on Energiaviraston my\u00f6nt\u00e4m\u00e4 energiakatselmuksen vastuuhenkil\u00f6n p\u00e4tevyys sek\u00e4 FISE Oy:n my\u00f6nt\u00e4m\u00e4 ylemm\u00e4n tason energiatodistuksen laatijan p\u00e4tevyys. Teemme energiatodistuksia p\u00e4\u00e4asiassa Etel\u00e4-Karjalan,&hellip; Jatka lukemista Katselmukset ja energiatodistukset\" \/>\n<meta property=\"og:url\" content=\"https:\/\/www.epluse.fi\/?page_id=387\" \/>\n<meta property=\"og:site_name\" content=\"Energy Plus Engineering Oy\" \/>\n<meta property=\"article:modified_time\" content=\"2026-03-04T12:52:28+00:00\" \/>\n<meta property=\"og:image\" content=\"https:\/\/www.epluse.fi\/wp-content\/uploads\/2023\/02\/IMG_6764-scaled.jpg\" \/>\n\t<meta property=\"og:image:width\" content=\"2560\" \/>\n\t<meta property=\"og:image:height\" content=\"1707\" \/>\n\t<meta property=\"og:image:type\" content=\"image\/jpeg\" \/>\n<meta name=\"twitter:card\" content=\"summary_large_image\" \/>\n<meta name=\"twitter:label1\" content=\"Arvioitu lukuaika\" \/>\n\t<meta name=\"twitter:data1\" content=\"1 minuutti\" \/>\n<script type=\"application\/ld+json\" class=\"yoast-schema-graph\">{\"@context\":\"https:\\\/\\\/schema.org\",\"@graph\":[{\"@type\":\"WebPage\",\"@id\":\"https:\\\/\\\/www.epluse.fi\\\/?page_id=387\",\"url\":\"https:\\\/\\\/www.epluse.fi\\\/?page_id=387\",\"name\":\"Katselmukset ja energiatodistukset - Energy Plus Engineering Oy\",\"isPartOf\":{\"@id\":\"https:\\\/\\\/www.epluse.fi\\\/#website\"},\"primaryImageOfPage\":{\"@id\":\"https:\\\/\\\/www.epluse.fi\\\/?page_id=387#primaryimage\"},\"image\":{\"@id\":\"https:\\\/\\\/www.epluse.fi\\\/?page_id=387#primaryimage\"},\"thumbnailUrl\":\"https:\\\/\\\/www.epluse.fi\\\/wp-content\\\/uploads\\\/2023\\\/02\\\/IMG_6764-1024x683.jpg\",\"datePublished\":\"2023-08-01T13:05:15+00:00\",\"dateModified\":\"2026-03-04T12:52:28+00:00\",\"breadcrumb\":{\"@id\":\"https:\\\/\\\/www.epluse.fi\\\/?page_id=387#breadcrumb\"},\"inLanguage\":\"fi\",\"potentialAction\":[{\"@type\":\"ReadAction\",\"target\":[\"https:\\\/\\\/www.epluse.fi\\\/?page_id=387\"]}]},{\"@type\":\"ImageObject\",\"inLanguage\":\"fi\",\"@id\":\"https:\\\/\\\/www.epluse.fi\\\/?page_id=387#primaryimage\",\"url\":\"https:\\\/\\\/www.epluse.fi\\\/wp-content\\\/uploads\\\/2023\\\/02\\\/IMG_6764-scaled.jpg\",\"contentUrl\":\"https:\\\/\\\/www.epluse.fi\\\/wp-content\\\/uploads\\\/2023\\\/02\\\/IMG_6764-scaled.jpg\",\"width\":2560,\"height\":1707},{\"@type\":\"BreadcrumbList\",\"@id\":\"https:\\\/\\\/www.epluse.fi\\\/?page_id=387#breadcrumb\",\"itemListElement\":[{\"@type\":\"ListItem\",\"position\":1,\"name\":\"Etusivu\",\"item\":\"https:\\\/\\\/www.epluse.fi\\\/\"},{\"@type\":\"ListItem\",\"position\":2,\"name\":\"Katselmukset ja energiatodistukset\"}]},{\"@type\":\"WebSite\",\"@id\":\"https:\\\/\\\/www.epluse.fi\\\/#website\",\"url\":\"https:\\\/\\\/www.epluse.fi\\\/\",\"name\":\"Energy Plus Engineering Oy\",\"description\":\"\",\"publisher\":{\"@id\":\"https:\\\/\\\/www.epluse.fi\\\/#organization\"},\"potentialAction\":[{\"@type\":\"SearchAction\",\"target\":{\"@type\":\"EntryPoint\",\"urlTemplate\":\"https:\\\/\\\/www.epluse.fi\\\/?s={search_term_string}\"},\"query-input\":{\"@type\":\"PropertyValueSpecification\",\"valueRequired\":true,\"valueName\":\"search_term_string\"}}],\"inLanguage\":\"fi\"},{\"@type\":\"Organization\",\"@id\":\"https:\\\/\\\/www.epluse.fi\\\/#organization\",\"name\":\"Energy Plus Engineering Oy\",\"url\":\"https:\\\/\\\/www.epluse.fi\\\/\",\"logo\":{\"@type\":\"ImageObject\",\"inLanguage\":\"fi\",\"@id\":\"https:\\\/\\\/www.epluse.fi\\\/#\\\/schema\\\/logo\\\/image\\\/\",\"url\":\"https:\\\/\\\/www.epluse.fi\\\/wp-content\\\/uploads\\\/2021\\\/07\\\/cropped-EE_logo_RGB_musta.jpg\",\"contentUrl\":\"https:\\\/\\\/www.epluse.fi\\\/wp-content\\\/uploads\\\/2021\\\/07\\\/cropped-EE_logo_RGB_musta.jpg\",\"width\":354,\"height\":421,\"caption\":\"Energy Plus Engineering Oy\"},\"image\":{\"@id\":\"https:\\\/\\\/www.epluse.fi\\\/#\\\/schema\\\/logo\\\/image\\\/\"},\"sameAs\":[\"https:\\\/\\\/www.linkedin.com\\\/company\\\/energy-plus-engineering-oy\"]}]}<\/script>\n<!-- \/ Yoast SEO plugin. -->","yoast_head_json":{"title":"Katselmukset ja energiatodistukset - Energy Plus Engineering Oy","robots":{"index":"index","follow":"follow","max-snippet":"max-snippet:-1","max-image-preview":"max-image-preview:large","max-video-preview":"max-video-preview:-1"},"canonical":"https:\/\/www.epluse.fi\/?page_id=387","og_locale":"fi_FI","og_type":"article","og_title":"Katselmukset ja energiatodistukset - Energy Plus Engineering Oy","og_description":"Teemme my\u00f6s energiakatselmuksia sek\u00e4 lainvaatimia energiatodistuksia. Sek\u00e4 energiakatselmusta ett\u00e4 energiatodistusta laatiessa meille on erityisen t\u00e4rke\u00e4\u00e4 tuottaa konkreettista, ymm\u00e4rrett\u00e4v\u00e4\u00e4 ja luotettavaa tietoa kohteen energiatehokkuudesta. Annamme aina my\u00f6s selkeit\u00e4 ehdotuksia kohteen energiatehokkuuden parantamiseksi ja energiakustannusten s\u00e4\u00e4st\u00e4miseksi. Yrityksemme asiantuntijalla on Energiaviraston my\u00f6nt\u00e4m\u00e4 energiakatselmuksen vastuuhenkil\u00f6n p\u00e4tevyys sek\u00e4 FISE Oy:n my\u00f6nt\u00e4m\u00e4 ylemm\u00e4n tason energiatodistuksen laatijan p\u00e4tevyys. Teemme energiatodistuksia p\u00e4\u00e4asiassa Etel\u00e4-Karjalan,&hellip; Jatka lukemista Katselmukset ja energiatodistukset","og_url":"https:\/\/www.epluse.fi\/?page_id=387","og_site_name":"Energy Plus Engineering Oy","article_modified_time":"2026-03-04T12:52:28+00:00","og_image":[{"width":2560,"height":1707,"url":"https:\/\/www.epluse.fi\/wp-content\/uploads\/2023\/02\/IMG_6764-scaled.jpg","type":"image\/jpeg"}],"twitter_card":"summary_large_image","twitter_misc":{"Arvioitu lukuaika":"1 minuutti"},"schema":{"@context":"https:\/\/schema.org","@graph":[{"@type":"WebPage","@id":"https:\/\/www.epluse.fi\/?page_id=387","url":"https:\/\/www.epluse.fi\/?page_id=387","name":"Katselmukset ja energiatodistukset - Energy Plus Engineering Oy","isPartOf":{"@id":"https:\/\/www.epluse.fi\/#website"},"primaryImageOfPage":{"@id":"https:\/\/www.epluse.fi\/?page_id=387#primaryimage"},"image":{"@id":"https:\/\/www.epluse.fi\/?page_id=387#primaryimage"},"thumbnailUrl":"https:\/\/www.epluse.fi\/wp-content\/uploads\/2023\/02\/IMG_6764-1024x683.jpg","datePublished":"2023-08-01T13:05:15+00:00","dateModified":"2026-03-04T12:52:28+00:00","breadcrumb":{"@id":"https:\/\/www.epluse.fi\/?page_id=387#breadcrumb"},"inLanguage":"fi","potentialAction":[{"@type":"ReadAction","target":["https:\/\/www.epluse.fi\/?page_id=387"]}]},{"@type":"ImageObject","inLanguage":"fi","@id":"https:\/\/www.epluse.fi\/?page_id=387#primaryimage","url":"https:\/\/www.epluse.fi\/wp-content\/uploads\/2023\/02\/IMG_6764-scaled.jpg","contentUrl":"https:\/\/www.epluse.fi\/wp-content\/uploads\/2023\/02\/IMG_6764-scaled.jpg","width":2560,"height":1707},{"@type":"BreadcrumbList","@id":"https:\/\/www.epluse.fi\/?page_id=387#breadcrumb","itemListElement":[{"@type":"ListItem","position":1,"name":"Etusivu","item":"https:\/\/www.epluse.fi\/"},{"@type":"ListItem","position":2,"name":"Katselmukset ja energiatodistukset"}]},{"@type":"WebSite","@id":"https:\/\/www.epluse.fi\/#website","url":"https:\/\/www.epluse.fi\/","name":"Energy Plus Engineering Oy","description":"","publisher":{"@id":"https:\/\/www.epluse.fi\/#organization"},"potentialAction":[{"@type":"SearchAction","target":{"@type":"EntryPoint","urlTemplate":"https:\/\/www.epluse.fi\/?s={search_term_string}"},"query-input":{"@type":"PropertyValueSpecification","valueRequired":true,"valueName":"search_term_string"}}],"inLanguage":"fi"},{"@type":"Organization","@id":"https:\/\/www.epluse.fi\/#organization","name":"Energy Plus Engineering Oy","url":"https:\/\/www.epluse.fi\/","logo":{"@type":"ImageObject","inLanguage":"fi","@id":"https:\/\/www.epluse.fi\/#\/schema\/logo\/image\/","url":"https:\/\/www.epluse.fi\/wp-content\/uploads\/2021\/07\/cropped-EE_logo_RGB_musta.jpg","contentUrl":"https:\/\/www.epluse.fi\/wp-content\/uploads\/2021\/07\/cropped-EE_logo_RGB_musta.jpg","width":354,"height":421,"caption":"Energy Plus Engineering Oy"},"image":{"@id":"https:\/\/www.epluse.fi\/#\/schema\/logo\/image\/"},"sameAs":["https:\/\/www.linkedin.com\/company\/energy-plus-engineering-oy"]}]}},"_links":{"self":[{"href":"https:\/\/www.epluse.fi\/index.php?rest_route=\/wp\/v2\/pages\/387","targetHints":{"allow":["GET"]}}],"collection":[{"href":"https:\/\/www.epluse.fi\/index.php?rest_route=\/wp\/v2\/pages"}],"about":[{"href":"https:\/\/www.epluse.fi\/index.php?rest_route=\/wp\/v2\/types\/page"}],"author":[{"embeddable":true,"href":"https:\/\/www.epluse.fi\/index.php?rest_route=\/wp\/v2\/users\/1"}],"replies":[{"embeddable":true,"href":"https:\/\/www.epluse.fi\/index.php?rest_route=%2Fwp%2Fv2%2Fcomments&post=387"}],"version-history":[{"count":6,"href":"https:\/\/www.epluse.fi\/index.php?rest_route=\/wp\/v2\/pages\/387\/revisions"}],"predecessor-version":[{"id":621,"href":"https:\/\/www.epluse.fi\/index.php?rest_route=\/wp\/v2\/pages\/387\/revisions\/621"}],"wp:attachment":[{"href":"https:\/\/www.epluse.fi\/index.php?rest_route=%2Fwp%2Fv2%2Fmedia&parent=387"}],"curies":[{"name":"wp","href":"https:\/\/api.w.org\/{rel}","templated":true}]}}