{"id":240,"date":"2023-02-16T07:41:09","date_gmt":"2023-02-16T07:41:09","guid":{"rendered":"https:\/\/www.epluse.fi\/?page_id=240"},"modified":"2026-02-19T12:09:24","modified_gmt":"2026-02-19T12:09:24","slug":"yrityksille","status":"publish","type":"page","link":"https:\/\/www.epluse.fi\/?page_id=240","title":{"rendered":"Yrityksille"},"content":{"rendered":"\n<div class=\"wp-block-columns alignwide is-layout-flex wp-container-core-columns-is-layout-9d6595d7 wp-block-columns-is-layout-flex\">\n<div class=\"wp-block-column is-layout-flow wp-block-column-is-layout-flow\">\n<h3 class=\"wp-block-heading\">Yrityksille r\u00e4\u00e4t\u00e4l\u00f6ity energiaselvitys<\/h3>\n\n\n\n<p>Selvitys r\u00e4\u00e4t\u00e4l\u00f6id\u00e4\u00e4n aina sinun tarpeisiisi.<\/p>\n\n\n\n<p>K\u00e4ymme kohteessa ja katsomme yhdess\u00e4, mitk\u00e4 tarkasteluista ovat sinun tapauksessasi relevantteja. <\/p>\n\n\n\n<p>Tuloksena saat selke\u00e4n raportin, jonka k\u00e4ymme yhdess\u00e4 l\u00e4pi. N\u00e4in saat tietoa siit\u00e4, miten voisit parhaiten kehitt\u00e4\u00e4 yrityksesi ja kiinteist\u00f6si energiatehokkuutta.<\/p>\n\n\n\n<p>Lue lis\u00e4\u00e4 yrityksille tekemist\u00e4mme energiaselvityksist\u00e4 <a href=\"https:\/\/www.epluse.fi\/?page_id=140\">t\u00e4\u00e4lt\u00e4.<\/a><\/p>\n<\/div>\n\n\n\n<div class=\"wp-block-column is-layout-flow wp-block-column-is-layout-flow\">\n<figure class=\"wp-block-image size-large\"><img loading=\"lazy\" decoding=\"async\" width=\"1024\" height=\"851\" src=\"https:\/\/www.epluse.fi\/wp-content\/uploads\/2026\/02\/2025-ulkona-2-rajattu-2-1-1024x851.jpeg\" alt=\"\" class=\"wp-image-612\" srcset=\"https:\/\/www.epluse.fi\/wp-content\/uploads\/2026\/02\/2025-ulkona-2-rajattu-2-1-1024x851.jpeg 1024w, https:\/\/www.epluse.fi\/wp-content\/uploads\/2026\/02\/2025-ulkona-2-rajattu-2-1-300x249.jpeg 300w, https:\/\/www.epluse.fi\/wp-content\/uploads\/2026\/02\/2025-ulkona-2-rajattu-2-1-768x638.jpeg 768w, https:\/\/www.epluse.fi\/wp-content\/uploads\/2026\/02\/2025-ulkona-2-rajattu-2-1.jpeg 1366w\" sizes=\"auto, (max-width: 1024px) 100vw, 1024px\" \/><\/figure>\n<\/div>\n<\/div>\n\n\n\n<h3 class=\"wp-block-heading\">Selvitys voi sis\u00e4lt\u00e4\u00e4:<\/h3>\n\n\n\n<ul style=\"line-height:1.8\" class=\"wp-block-list\">\n<li>Prosessissa syntyv\u00e4n hukkal\u00e4mm\u00f6n hy\u00f6tyk\u00e4ytt\u00f6\n<ul class=\"wp-block-list\">\n<li>Tuotantoprosessin ylij\u00e4\u00e4m\u00e4l\u00e4mp\u00f6 voidaan ohjata ulkoilman sijaan esimerkiksi kiinteist\u00f6n l\u00e4mmitykseen.<\/li>\n<\/ul>\n<\/li>\n\n\n\n<li>J\u00e4\u00e4hdytyksess\u00e4 syntyv\u00e4n lauhdel\u00e4mm\u00f6n hy\u00f6tyk\u00e4ytt\u00f6\n<ul class=\"wp-block-list\">\n<li>My\u00f6s kylm\u00e4ntuotannossa syntyy aina l\u00e4mp\u00f6\u00e4, ja t\u00e4t\u00e4 lauhdel\u00e4mp\u00f6\u00e4 voidaan usein k\u00e4ytt\u00e4\u00e4 esimerkiksi kiinteist\u00f6n l\u00e4mmityksess\u00e4.<\/li>\n<\/ul>\n<\/li>\n\n\n\n<li>Ilmanvaihdon l\u00e4mm\u00f6ntalteenoton parantamisen tai poistoilmal\u00e4mp\u00f6pumpun vaikutus energiakustannuksiin\n<ul class=\"wp-block-list\">\n<li>Suuri osa rakennuksen l\u00e4mp\u00f6h\u00e4vi\u00f6ist\u00e4 tapahtuu ilmanvaihdon kautta. Varsinkin jos ilmanvaihtoj\u00e4rjestelm\u00e4 on elinkaarensa loppup\u00e4\u00e4ss\u00e4, on l\u00e4mm\u00f6ntalteenoton uusiminen tai lis\u00e4\u00e4minen usein eritt\u00e4in kannattava investointi.<\/li>\n<\/ul>\n<\/li>\n\n\n\n<li>Ilmanvaihdon aikaohjelmien mahdollinen s\u00e4\u00e4st\u00f6potentiaali\n<ul class=\"wp-block-list\">\n<li>Tarkistamme, ett\u00e4 ilmanvaihdon aikaohjelmat on tarkoituksenmukaisesti asetettu.<\/li>\n<\/ul>\n<\/li>\n\n\n\n<li>Aurinkos\u00e4hk\u00f6investoinnin kannattavuus ja eri mitoitusvaihtoehdot\n<ul class=\"wp-block-list\">\n<li>Paljon s\u00e4hk\u00f6\u00e4 kuluttavat prosessit tekev\u00e4t my\u00f6s aurinkos\u00e4hk\u00f6st\u00e4 entist\u00e4 kannattavamman sijoituskohteen.<\/li>\n\n\n\n<li>Teemme aurinkovoimalan mitoitus- ja kannattavuuslaskennan tarkasti tuntitasolla sek\u00e4 halutessasi my\u00f6s 15 minuutin tasolla, jotta n\u00e4et uuden netotustavan vaikutuksen s\u00e4\u00e4st\u00f6ihisi.  <\/li>\n<\/ul>\n<\/li>\n\n\n\n<li>L\u00e4mp\u00f6pumppuinvestoinnin kannattavuus\n<ul class=\"wp-block-list\">\n<li>Jos haluat siirty\u00e4 fossiilisista l\u00e4mm\u00f6nl\u00e4hteist\u00e4 k\u00e4ytt\u00e4m\u00e4\u00e4n uusiutuvaa energiaa, l\u00e4mp\u00f6pumppu saattaa olla mahdollinen teknologiavaihtoehto. Laskemme investoinnin k\u00e4ytt\u00f6kustannusvaikutuksen, mitoitusvaihtoehdot ja takaisinmaksuajan.<\/li>\n<\/ul>\n<\/li>\n\n\n\n<li>S\u00e4hk\u00f6n varastointi\n<ul class=\"wp-block-list\">\n<li>Laskemme akkujen mitoituksen tavoitteidesi mukaiseksi ja simuloimme niiden kannattavuuden.<\/li>\n<\/ul>\n<\/li>\n\n\n\n<li>S\u00e4hk\u00f6tuotteiden vertailu\n<ul class=\"wp-block-list\">\n<li>Arvioimme, miten eri s\u00e4hk\u00f6sopimustyypit, kuten p\u00f6rssis\u00e4hk\u00f6 tai y\u00f6- ja p\u00e4iv\u00e4s\u00e4hk\u00f6, vaikuttavat kohteesi k\u00e4ytt\u00f6kustannuksiin.<\/li>\n<\/ul>\n<\/li>\n<\/ul>\n","protected":false},"excerpt":{"rendered":"<p>Yrityksille r\u00e4\u00e4t\u00e4l\u00f6ity energiaselvitys Selvitys r\u00e4\u00e4t\u00e4l\u00f6id\u00e4\u00e4n aina sinun tarpeisiisi. K\u00e4ymme kohteessa ja katsomme yhdess\u00e4, mitk\u00e4 tarkasteluista ovat sinun tapauksessasi relevantteja. Tuloksena saat selke\u00e4n raportin, jonka k\u00e4ymme yhdess\u00e4 l\u00e4pi. N\u00e4in saat tietoa siit\u00e4, miten voisit parhaiten kehitt\u00e4\u00e4 yrityksesi ja kiinteist\u00f6si energiatehokkuutta. Lue lis\u00e4\u00e4 yrityksille tekemist\u00e4mme energiaselvityksist\u00e4 t\u00e4\u00e4lt\u00e4. Selvitys voi sis\u00e4lt\u00e4\u00e4:<\/p>\n","protected":false},"author":1,"featured_media":0,"parent":0,"menu_order":0,"comment_status":"closed","ping_status":"closed","template":"","meta":{"footnotes":""},"class_list":["post-240","page","type-page","status-publish","hentry","entry"],"yoast_head":"<!-- This site is optimized with the Yoast SEO plugin v27.5 - https:\/\/yoast.com\/product\/yoast-seo-wordpress\/ -->\n<title>Yrityksille - Energy Plus Engineering Oy<\/title>\n<meta name=\"robots\" content=\"index, follow, max-snippet:-1, max-image-preview:large, max-video-preview:-1\" \/>\n<link rel=\"canonical\" href=\"https:\/\/www.epluse.fi\/?page_id=240\" \/>\n<meta property=\"og:locale\" content=\"fi_FI\" \/>\n<meta property=\"og:type\" content=\"article\" \/>\n<meta property=\"og:title\" content=\"Yrityksille - Energy Plus Engineering Oy\" \/>\n<meta property=\"og:description\" content=\"Yrityksille r\u00e4\u00e4t\u00e4l\u00f6ity energiaselvitys Selvitys r\u00e4\u00e4t\u00e4l\u00f6id\u00e4\u00e4n aina sinun tarpeisiisi. K\u00e4ymme kohteessa ja katsomme yhdess\u00e4, mitk\u00e4 tarkasteluista ovat sinun tapauksessasi relevantteja. Tuloksena saat selke\u00e4n raportin, jonka k\u00e4ymme yhdess\u00e4 l\u00e4pi. N\u00e4in saat tietoa siit\u00e4, miten voisit parhaiten kehitt\u00e4\u00e4 yrityksesi ja kiinteist\u00f6si energiatehokkuutta. Lue lis\u00e4\u00e4 yrityksille tekemist\u00e4mme energiaselvityksist\u00e4 t\u00e4\u00e4lt\u00e4. Selvitys voi sis\u00e4lt\u00e4\u00e4:\" \/>\n<meta property=\"og:url\" content=\"https:\/\/www.epluse.fi\/?page_id=240\" \/>\n<meta property=\"og:site_name\" content=\"Energy Plus Engineering Oy\" \/>\n<meta property=\"article:modified_time\" content=\"2026-02-19T12:09:24+00:00\" \/>\n<meta property=\"og:image\" content=\"https:\/\/www.epluse.fi\/wp-content\/uploads\/2026\/02\/2025-ulkona-2-rajattu-2-1.jpeg\" \/>\n\t<meta property=\"og:image:width\" content=\"1366\" \/>\n\t<meta property=\"og:image:height\" content=\"1135\" \/>\n\t<meta property=\"og:image:type\" content=\"image\/jpeg\" \/>\n<meta name=\"twitter:card\" content=\"summary_large_image\" \/>\n<meta name=\"twitter:label1\" content=\"Arvioitu lukuaika\" \/>\n\t<meta name=\"twitter:data1\" content=\"2 minuuttia\" \/>\n<script type=\"application\/ld+json\" class=\"yoast-schema-graph\">{\"@context\":\"https:\\\/\\\/schema.org\",\"@graph\":[{\"@type\":\"WebPage\",\"@id\":\"https:\\\/\\\/www.epluse.fi\\\/?page_id=240\",\"url\":\"https:\\\/\\\/www.epluse.fi\\\/?page_id=240\",\"name\":\"Yrityksille - Energy Plus Engineering Oy\",\"isPartOf\":{\"@id\":\"https:\\\/\\\/www.epluse.fi\\\/#website\"},\"primaryImageOfPage\":{\"@id\":\"https:\\\/\\\/www.epluse.fi\\\/?page_id=240#primaryimage\"},\"image\":{\"@id\":\"https:\\\/\\\/www.epluse.fi\\\/?page_id=240#primaryimage\"},\"thumbnailUrl\":\"https:\\\/\\\/www.epluse.fi\\\/wp-content\\\/uploads\\\/2026\\\/02\\\/2025-ulkona-2-rajattu-2-1-1024x851.jpeg\",\"datePublished\":\"2023-02-16T07:41:09+00:00\",\"dateModified\":\"2026-02-19T12:09:24+00:00\",\"breadcrumb\":{\"@id\":\"https:\\\/\\\/www.epluse.fi\\\/?page_id=240#breadcrumb\"},\"inLanguage\":\"fi\",\"potentialAction\":[{\"@type\":\"ReadAction\",\"target\":[\"https:\\\/\\\/www.epluse.fi\\\/?page_id=240\"]}]},{\"@type\":\"ImageObject\",\"inLanguage\":\"fi\",\"@id\":\"https:\\\/\\\/www.epluse.fi\\\/?page_id=240#primaryimage\",\"url\":\"https:\\\/\\\/www.epluse.fi\\\/wp-content\\\/uploads\\\/2026\\\/02\\\/2025-ulkona-2-rajattu-2-1.jpeg\",\"contentUrl\":\"https:\\\/\\\/www.epluse.fi\\\/wp-content\\\/uploads\\\/2026\\\/02\\\/2025-ulkona-2-rajattu-2-1.jpeg\",\"width\":1366,\"height\":1135},{\"@type\":\"BreadcrumbList\",\"@id\":\"https:\\\/\\\/www.epluse.fi\\\/?page_id=240#breadcrumb\",\"itemListElement\":[{\"@type\":\"ListItem\",\"position\":1,\"name\":\"Etusivu\",\"item\":\"https:\\\/\\\/www.epluse.fi\\\/\"},{\"@type\":\"ListItem\",\"position\":2,\"name\":\"Yrityksille\"}]},{\"@type\":\"WebSite\",\"@id\":\"https:\\\/\\\/www.epluse.fi\\\/#website\",\"url\":\"https:\\\/\\\/www.epluse.fi\\\/\",\"name\":\"Energy Plus Engineering Oy\",\"description\":\"\",\"publisher\":{\"@id\":\"https:\\\/\\\/www.epluse.fi\\\/#organization\"},\"potentialAction\":[{\"@type\":\"SearchAction\",\"target\":{\"@type\":\"EntryPoint\",\"urlTemplate\":\"https:\\\/\\\/www.epluse.fi\\\/?s={search_term_string}\"},\"query-input\":{\"@type\":\"PropertyValueSpecification\",\"valueRequired\":true,\"valueName\":\"search_term_string\"}}],\"inLanguage\":\"fi\"},{\"@type\":\"Organization\",\"@id\":\"https:\\\/\\\/www.epluse.fi\\\/#organization\",\"name\":\"Energy Plus Engineering Oy\",\"url\":\"https:\\\/\\\/www.epluse.fi\\\/\",\"logo\":{\"@type\":\"ImageObject\",\"inLanguage\":\"fi\",\"@id\":\"https:\\\/\\\/www.epluse.fi\\\/#\\\/schema\\\/logo\\\/image\\\/\",\"url\":\"https:\\\/\\\/www.epluse.fi\\\/wp-content\\\/uploads\\\/2021\\\/07\\\/cropped-EE_logo_RGB_musta.jpg\",\"contentUrl\":\"https:\\\/\\\/www.epluse.fi\\\/wp-content\\\/uploads\\\/2021\\\/07\\\/cropped-EE_logo_RGB_musta.jpg\",\"width\":354,\"height\":421,\"caption\":\"Energy Plus Engineering Oy\"},\"image\":{\"@id\":\"https:\\\/\\\/www.epluse.fi\\\/#\\\/schema\\\/logo\\\/image\\\/\"},\"sameAs\":[\"https:\\\/\\\/www.linkedin.com\\\/company\\\/energy-plus-engineering-oy\"]}]}<\/script>\n<!-- \/ Yoast SEO plugin. -->","yoast_head_json":{"title":"Yrityksille - Energy Plus Engineering Oy","robots":{"index":"index","follow":"follow","max-snippet":"max-snippet:-1","max-image-preview":"max-image-preview:large","max-video-preview":"max-video-preview:-1"},"canonical":"https:\/\/www.epluse.fi\/?page_id=240","og_locale":"fi_FI","og_type":"article","og_title":"Yrityksille - Energy Plus Engineering Oy","og_description":"Yrityksille r\u00e4\u00e4t\u00e4l\u00f6ity energiaselvitys Selvitys r\u00e4\u00e4t\u00e4l\u00f6id\u00e4\u00e4n aina sinun tarpeisiisi. K\u00e4ymme kohteessa ja katsomme yhdess\u00e4, mitk\u00e4 tarkasteluista ovat sinun tapauksessasi relevantteja. Tuloksena saat selke\u00e4n raportin, jonka k\u00e4ymme yhdess\u00e4 l\u00e4pi. N\u00e4in saat tietoa siit\u00e4, miten voisit parhaiten kehitt\u00e4\u00e4 yrityksesi ja kiinteist\u00f6si energiatehokkuutta. Lue lis\u00e4\u00e4 yrityksille tekemist\u00e4mme energiaselvityksist\u00e4 t\u00e4\u00e4lt\u00e4. Selvitys voi sis\u00e4lt\u00e4\u00e4:","og_url":"https:\/\/www.epluse.fi\/?page_id=240","og_site_name":"Energy Plus Engineering Oy","article_modified_time":"2026-02-19T12:09:24+00:00","og_image":[{"width":1366,"height":1135,"url":"https:\/\/www.epluse.fi\/wp-content\/uploads\/2026\/02\/2025-ulkona-2-rajattu-2-1.jpeg","type":"image\/jpeg"}],"twitter_card":"summary_large_image","twitter_misc":{"Arvioitu lukuaika":"2 minuuttia"},"schema":{"@context":"https:\/\/schema.org","@graph":[{"@type":"WebPage","@id":"https:\/\/www.epluse.fi\/?page_id=240","url":"https:\/\/www.epluse.fi\/?page_id=240","name":"Yrityksille - Energy Plus Engineering Oy","isPartOf":{"@id":"https:\/\/www.epluse.fi\/#website"},"primaryImageOfPage":{"@id":"https:\/\/www.epluse.fi\/?page_id=240#primaryimage"},"image":{"@id":"https:\/\/www.epluse.fi\/?page_id=240#primaryimage"},"thumbnailUrl":"https:\/\/www.epluse.fi\/wp-content\/uploads\/2026\/02\/2025-ulkona-2-rajattu-2-1-1024x851.jpeg","datePublished":"2023-02-16T07:41:09+00:00","dateModified":"2026-02-19T12:09:24+00:00","breadcrumb":{"@id":"https:\/\/www.epluse.fi\/?page_id=240#breadcrumb"},"inLanguage":"fi","potentialAction":[{"@type":"ReadAction","target":["https:\/\/www.epluse.fi\/?page_id=240"]}]},{"@type":"ImageObject","inLanguage":"fi","@id":"https:\/\/www.epluse.fi\/?page_id=240#primaryimage","url":"https:\/\/www.epluse.fi\/wp-content\/uploads\/2026\/02\/2025-ulkona-2-rajattu-2-1.jpeg","contentUrl":"https:\/\/www.epluse.fi\/wp-content\/uploads\/2026\/02\/2025-ulkona-2-rajattu-2-1.jpeg","width":1366,"height":1135},{"@type":"BreadcrumbList","@id":"https:\/\/www.epluse.fi\/?page_id=240#breadcrumb","itemListElement":[{"@type":"ListItem","position":1,"name":"Etusivu","item":"https:\/\/www.epluse.fi\/"},{"@type":"ListItem","position":2,"name":"Yrityksille"}]},{"@type":"WebSite","@id":"https:\/\/www.epluse.fi\/#website","url":"https:\/\/www.epluse.fi\/","name":"Energy Plus Engineering Oy","description":"","publisher":{"@id":"https:\/\/www.epluse.fi\/#organization"},"potentialAction":[{"@type":"SearchAction","target":{"@type":"EntryPoint","urlTemplate":"https:\/\/www.epluse.fi\/?s={search_term_string}"},"query-input":{"@type":"PropertyValueSpecification","valueRequired":true,"valueName":"search_term_string"}}],"inLanguage":"fi"},{"@type":"Organization","@id":"https:\/\/www.epluse.fi\/#organization","name":"Energy Plus Engineering Oy","url":"https:\/\/www.epluse.fi\/","logo":{"@type":"ImageObject","inLanguage":"fi","@id":"https:\/\/www.epluse.fi\/#\/schema\/logo\/image\/","url":"https:\/\/www.epluse.fi\/wp-content\/uploads\/2021\/07\/cropped-EE_logo_RGB_musta.jpg","contentUrl":"https:\/\/www.epluse.fi\/wp-content\/uploads\/2021\/07\/cropped-EE_logo_RGB_musta.jpg","width":354,"height":421,"caption":"Energy Plus Engineering Oy"},"image":{"@id":"https:\/\/www.epluse.fi\/#\/schema\/logo\/image\/"},"sameAs":["https:\/\/www.linkedin.com\/company\/energy-plus-engineering-oy"]}]}},"_links":{"self":[{"href":"https:\/\/www.epluse.fi\/index.php?rest_route=\/wp\/v2\/pages\/240","targetHints":{"allow":["GET"]}}],"collection":[{"href":"https:\/\/www.epluse.fi\/index.php?rest_route=\/wp\/v2\/pages"}],"about":[{"href":"https:\/\/www.epluse.fi\/index.php?rest_route=\/wp\/v2\/types\/page"}],"author":[{"embeddable":true,"href":"https:\/\/www.epluse.fi\/index.php?rest_route=\/wp\/v2\/users\/1"}],"replies":[{"embeddable":true,"href":"https:\/\/www.epluse.fi\/index.php?rest_route=%2Fwp%2Fv2%2Fcomments&post=240"}],"version-history":[{"count":9,"href":"https:\/\/www.epluse.fi\/index.php?rest_route=\/wp\/v2\/pages\/240\/revisions"}],"predecessor-version":[{"id":613,"href":"https:\/\/www.epluse.fi\/index.php?rest_route=\/wp\/v2\/pages\/240\/revisions\/613"}],"wp:attachment":[{"href":"https:\/\/www.epluse.fi\/index.php?rest_route=%2Fwp%2Fv2%2Fmedia&parent=240"}],"curies":[{"name":"wp","href":"https:\/\/api.w.org\/{rel}","templated":true}]}}