{"id":182,"date":"2022-10-12T13:41:59","date_gmt":"2022-10-12T13:41:59","guid":{"rendered":"https:\/\/www.epluse.fi\/?page_id=182"},"modified":"2024-06-18T07:19:15","modified_gmt":"2024-06-18T07:19:15","slug":"tuotteemme","status":"publish","type":"page","link":"https:\/\/www.epluse.fi\/?page_id=182","title":{"rendered":"Palvelumme"},"content":{"rendered":"\n<div class=\"wp-block-columns alignwide is-layout-flex wp-container-core-columns-is-layout-9d6595d7 wp-block-columns-is-layout-flex\">\n<div class=\"wp-block-column is-layout-flow wp-block-column-is-layout-flow\">\n<p>Energiaselvitys on ajankohtainen erityisesti silloin, kun suunnittelet aurinkos\u00e4hk\u00f6investointia, l\u00e4mmitystavan muutosta tai etsit keinoja energiakustannusten pienent\u00e4miseen.<\/p>\n\n\n\n<p>Energiaselvitys havainnollistaa eri energiatehokkuustoimien vaikutuksia ja auttaa sinua investointip\u00e4\u00e4t\u00f6sten teossa. Selvitys toteutetaan k\u00e4ytt\u00e4en kiinteist\u00f6ss\u00e4si toteutuneita energiankulutuksia ja haluamiasi hintoja, jolloin saat juuri sinulle relevanttia tietoa.<\/p>\n\n\n\n<p>Selvitys toteutetaan kehitt\u00e4m\u00e4ll\u00e4mme laskentaty\u00f6kalulla, jossa simulomme s\u00e4hk\u00f6n k\u00e4yt\u00f6n ja tuotannon lis\u00e4ksi my\u00f6s l\u00e4mmitykseen tarvitun energian tuntitasolla. Tuntitason laskenta tuottaa tarkemman ja todenmukaisemman arvion s\u00e4hk\u00f6n k\u00e4yt\u00f6n vaihteluista, aurinkos\u00e4hk\u00f6ntuotannon myyntiin menev\u00e4st\u00e4 osuudesta sek\u00e4 l\u00e4mp\u00f6pumppujen tehokertoimen vaihteluista talvikaudella.<\/p>\n<\/div>\n\n\n\n<div class=\"wp-block-column is-layout-flow wp-block-column-is-layout-flow\">\n<figure class=\"wp-block-image size-large is-resized\"><img loading=\"lazy\" decoding=\"async\" width=\"1024\" height=\"683\" src=\"https:\/\/www.epluse.fi\/wp-content\/uploads\/2023\/03\/IMG_6867-1024x683.jpg\" alt=\"\" class=\"wp-image-355\" style=\"aspect-ratio:1.497854077253219;width:603px;height:auto\" srcset=\"https:\/\/www.epluse.fi\/wp-content\/uploads\/2023\/03\/IMG_6867-1024x683.jpg 1024w, https:\/\/www.epluse.fi\/wp-content\/uploads\/2023\/03\/IMG_6867-300x200.jpg 300w, https:\/\/www.epluse.fi\/wp-content\/uploads\/2023\/03\/IMG_6867-768x512.jpg 768w, https:\/\/www.epluse.fi\/wp-content\/uploads\/2023\/03\/IMG_6867-1536x1024.jpg 1536w, https:\/\/www.epluse.fi\/wp-content\/uploads\/2023\/03\/IMG_6867-2048x1365.jpg 2048w, https:\/\/www.epluse.fi\/wp-content\/uploads\/2023\/03\/IMG_6867-1568x1045.jpg 1568w\" sizes=\"auto, (max-width: 1024px) 100vw, 1024px\" \/><\/figure>\n<\/div>\n<\/div>\n\n\n\n<div class=\"wp-block-columns alignwide are-vertically-aligned-center has-text-color has-background is-layout-flex wp-container-core-columns-is-layout-9d6595d7 wp-block-columns-is-layout-flex\" style=\"color:#000000;background-color:#e8e8e8\">\n<div class=\"wp-block-column is-vertically-aligned-center is-layout-flow wp-block-column-is-layout-flow\">\n<h3 class=\"wp-block-heading has-text-align-center\" style=\"font-size:24px;line-height:1.3\"><a href=\"https:\/\/www.epluse.fi\/?page_id=240\">Yrityksille<\/a><\/h3>\n\n\n\n<p class=\"has-text-align-center\">Energiaselvityksi\u00e4 ja energiatehokkuuden analyyseja kaikenkokoisten yritysten kiinteist\u00f6ihin, teollisuusyrityksist\u00e4 toimistotaloihin ja myym\u00e4l\u00f6ist\u00e4 varastohalleihin.<\/p>\n\n\n\n<div class=\"wp-block-buttons is-content-justification-center is-layout-flex wp-container-core-buttons-is-layout-16018d1d wp-block-buttons-is-layout-flex\">\n<div class=\"wp-block-button\"><a class=\"wp-block-button__link has-background wp-element-button\" href=\"https:\/\/www.epluse.fi\/?page_id=240\" style=\"background-color:#fbf83f\">Lue lis\u00e4\u00e4<\/a><\/div>\n<\/div>\n<\/div>\n\n\n\n<div class=\"wp-block-column is-vertically-aligned-center is-layout-flow wp-block-column-is-layout-flow\">\n<h3 class=\"wp-block-heading has-text-align-center has-black-color has-text-color\" style=\"font-size:24px;line-height:1.3\"><a href=\"https:\/\/www.epluse.fi\/?page_id=473\">J\u00e4\u00e4hallit<\/a><\/h3>\n\n\n\n<p class=\"has-text-align-center\">Energiaselvityksi\u00e4 j\u00e4\u00e4halleihin: hukkal\u00e4mm\u00f6n hy\u00f6tyk\u00e4yt\u00f6n s\u00e4\u00e4st\u00f6potentiaali,  vedenkierr\u00e4tyskoneistojen kannattavuus,k\u00e4yt\u00f6n optimointi ja tuki&#8230;<\/p>\n\n\n\n<div class=\"wp-block-buttons is-content-justification-center is-layout-flex wp-container-core-buttons-is-layout-16018d1d wp-block-buttons-is-layout-flex\">\n<div class=\"wp-block-button\"><a class=\"wp-block-button__link has-background wp-element-button\" href=\"https:\/\/www.epluse.fi\/?page_id=473\" style=\"background-color:#92a965\">Lue lis\u00e4\u00e4<\/a><\/div>\n<\/div>\n<\/div>\n\n\n\n<div class=\"wp-block-column is-vertically-aligned-center is-layout-flow wp-block-column-is-layout-flow\">\n<h3 class=\"wp-block-heading has-text-align-center\" style=\"font-size:24px;line-height:1.3\"><a href=\"https:\/\/www.epluse.fi\/?page_id=262\">Taloyhti\u00f6ille<\/a><\/h3>\n\n\n\n<p class=\"has-text-align-center\">Energiaselvityksi\u00e4 taloyhti\u00f6iden p\u00e4\u00e4t\u00f6ksenteon tueksi: aurinkos\u00e4hk\u00f6n kannattavuus, l\u00e4mm\u00f6ntuotantotapojen kustannusvertailut, ilmanvaihdon energiatehokkuusparannusten s\u00e4\u00e4st\u00f6potentiaali&#8230;<\/p>\n\n\n\n<div class=\"wp-block-buttons is-content-justification-center is-layout-flex wp-container-core-buttons-is-layout-e1485a7b wp-block-buttons-is-layout-flex\">\n<div class=\"wp-block-button\"><a class=\"wp-block-button__link has-background wp-element-button\" href=\"https:\/\/www.epluse.fi\/?page_id=262\" style=\"background-color:#e89200\">Lue lis\u00e4\u00e4<\/a><\/div>\n<\/div>\n<\/div>\n<\/div>\n\n\n\n<h2 class=\"wp-block-heading\">Energiaselvitysprosessi<\/h2>\n\n\n\n<figure class=\"wp-block-image alignwide size-full\"><img loading=\"lazy\" decoding=\"async\" width=\"1442\" height=\"801\" src=\"https:\/\/www.epluse.fi\/wp-content\/uploads\/2024\/02\/Prosessi-1.png\" alt=\"\" class=\"wp-image-460\" srcset=\"https:\/\/www.epluse.fi\/wp-content\/uploads\/2024\/02\/Prosessi-1.png 1442w, https:\/\/www.epluse.fi\/wp-content\/uploads\/2024\/02\/Prosessi-1-300x167.png 300w, https:\/\/www.epluse.fi\/wp-content\/uploads\/2024\/02\/Prosessi-1-1024x569.png 1024w, https:\/\/www.epluse.fi\/wp-content\/uploads\/2024\/02\/Prosessi-1-768x427.png 768w\" sizes=\"auto, (max-width: 1442px) 100vw, 1442px\" \/><\/figure>\n\n\n\n<p class=\"has-text-align-center\"><\/p>\n\n\n\n<p><\/p>\n","protected":false},"excerpt":{"rendered":"<p>Energiaselvitys on ajankohtainen erityisesti silloin, kun suunnittelet aurinkos\u00e4hk\u00f6investointia, l\u00e4mmitystavan muutosta tai etsit keinoja energiakustannusten pienent\u00e4miseen. Energiaselvitys havainnollistaa eri energiatehokkuustoimien vaikutuksia ja auttaa sinua investointip\u00e4\u00e4t\u00f6sten teossa. Selvitys toteutetaan k\u00e4ytt\u00e4en kiinteist\u00f6ss\u00e4si toteutuneita energiankulutuksia ja haluamiasi hintoja, jolloin saat juuri sinulle relevanttia tietoa. Selvitys toteutetaan kehitt\u00e4m\u00e4ll\u00e4mme laskentaty\u00f6kalulla, jossa simulomme s\u00e4hk\u00f6n k\u00e4yt\u00f6n ja tuotannon lis\u00e4ksi my\u00f6s l\u00e4mmitykseen tarvitun energian&hellip; <a class=\"more-link\" href=\"https:\/\/www.epluse.fi\/?page_id=182\">Jatka lukemista <span class=\"screen-reader-text\">Palvelumme<\/span><\/a><\/p>\n","protected":false},"author":1,"featured_media":0,"parent":0,"menu_order":0,"comment_status":"closed","ping_status":"closed","template":"","meta":{"footnotes":""},"class_list":["post-182","page","type-page","status-publish","hentry","entry"],"yoast_head":"<!-- This site is optimized with the Yoast SEO plugin v27.5 - https:\/\/yoast.com\/product\/yoast-seo-wordpress\/ -->\n<title>Palvelumme - Energy Plus Engineering Oy<\/title>\n<meta name=\"description\" content=\"T\u00e4lt\u00e4 sivulta l\u00f6yd\u00e4t tiedot energiaselvityksist\u00e4mme. Energiaselvitys on ajankohtainen erityisesti silloin, kun suunnittelet aurinkos\u00e4hk\u00f6investointia, l\u00e4mmitystavan muutosta tai etsit keinoja energiakustannusten pienent\u00e4miseen.\" \/>\n<meta name=\"robots\" content=\"index, follow, max-snippet:-1, max-image-preview:large, max-video-preview:-1\" \/>\n<link rel=\"canonical\" href=\"https:\/\/www.epluse.fi\/?page_id=182\" \/>\n<meta property=\"og:locale\" content=\"fi_FI\" \/>\n<meta property=\"og:type\" content=\"article\" \/>\n<meta property=\"og:title\" content=\"Palvelumme - Energy Plus Engineering Oy\" \/>\n<meta property=\"og:description\" content=\"T\u00e4lt\u00e4 sivulta l\u00f6yd\u00e4t tiedot energiaselvityksist\u00e4mme. Energiaselvitys on ajankohtainen erityisesti silloin, kun suunnittelet aurinkos\u00e4hk\u00f6investointia, l\u00e4mmitystavan muutosta tai etsit keinoja energiakustannusten pienent\u00e4miseen.\" \/>\n<meta property=\"og:url\" content=\"https:\/\/www.epluse.fi\/?page_id=182\" \/>\n<meta property=\"og:site_name\" content=\"Energy Plus Engineering Oy\" \/>\n<meta property=\"article:modified_time\" content=\"2024-06-18T07:19:15+00:00\" \/>\n<meta property=\"og:image\" content=\"https:\/\/www.epluse.fi\/wp-content\/uploads\/2023\/03\/IMG_6867-1024x683.jpg\" \/>\n<meta name=\"twitter:card\" content=\"summary_large_image\" \/>\n<meta name=\"twitter:label1\" content=\"Arvioitu lukuaika\" \/>\n\t<meta name=\"twitter:data1\" content=\"2 minuuttia\" \/>\n<script type=\"application\/ld+json\" class=\"yoast-schema-graph\">{\"@context\":\"https:\\\/\\\/schema.org\",\"@graph\":[{\"@type\":\"WebPage\",\"@id\":\"https:\\\/\\\/www.epluse.fi\\\/?page_id=182\",\"url\":\"https:\\\/\\\/www.epluse.fi\\\/?page_id=182\",\"name\":\"Palvelumme - Energy Plus Engineering Oy\",\"isPartOf\":{\"@id\":\"https:\\\/\\\/www.epluse.fi\\\/#website\"},\"primaryImageOfPage\":{\"@id\":\"https:\\\/\\\/www.epluse.fi\\\/?page_id=182#primaryimage\"},\"image\":{\"@id\":\"https:\\\/\\\/www.epluse.fi\\\/?page_id=182#primaryimage\"},\"thumbnailUrl\":\"https:\\\/\\\/www.epluse.fi\\\/wp-content\\\/uploads\\\/2023\\\/03\\\/IMG_6867-1024x683.jpg\",\"datePublished\":\"2022-10-12T13:41:59+00:00\",\"dateModified\":\"2024-06-18T07:19:15+00:00\",\"description\":\"T\u00e4lt\u00e4 sivulta l\u00f6yd\u00e4t tiedot energiaselvityksist\u00e4mme. Energiaselvitys on ajankohtainen erityisesti silloin, kun suunnittelet aurinkos\u00e4hk\u00f6investointia, l\u00e4mmitystavan muutosta tai etsit keinoja energiakustannusten pienent\u00e4miseen.\",\"breadcrumb\":{\"@id\":\"https:\\\/\\\/www.epluse.fi\\\/?page_id=182#breadcrumb\"},\"inLanguage\":\"fi\",\"potentialAction\":[{\"@type\":\"ReadAction\",\"target\":[\"https:\\\/\\\/www.epluse.fi\\\/?page_id=182\"]}]},{\"@type\":\"ImageObject\",\"inLanguage\":\"fi\",\"@id\":\"https:\\\/\\\/www.epluse.fi\\\/?page_id=182#primaryimage\",\"url\":\"https:\\\/\\\/www.epluse.fi\\\/wp-content\\\/uploads\\\/2023\\\/03\\\/IMG_6867-scaled.jpg\",\"contentUrl\":\"https:\\\/\\\/www.epluse.fi\\\/wp-content\\\/uploads\\\/2023\\\/03\\\/IMG_6867-scaled.jpg\",\"width\":2560,\"height\":1707},{\"@type\":\"BreadcrumbList\",\"@id\":\"https:\\\/\\\/www.epluse.fi\\\/?page_id=182#breadcrumb\",\"itemListElement\":[{\"@type\":\"ListItem\",\"position\":1,\"name\":\"Etusivu\",\"item\":\"https:\\\/\\\/www.epluse.fi\\\/\"},{\"@type\":\"ListItem\",\"position\":2,\"name\":\"Palvelumme\"}]},{\"@type\":\"WebSite\",\"@id\":\"https:\\\/\\\/www.epluse.fi\\\/#website\",\"url\":\"https:\\\/\\\/www.epluse.fi\\\/\",\"name\":\"Energy Plus Engineering Oy\",\"description\":\"\",\"publisher\":{\"@id\":\"https:\\\/\\\/www.epluse.fi\\\/#organization\"},\"potentialAction\":[{\"@type\":\"SearchAction\",\"target\":{\"@type\":\"EntryPoint\",\"urlTemplate\":\"https:\\\/\\\/www.epluse.fi\\\/?s={search_term_string}\"},\"query-input\":{\"@type\":\"PropertyValueSpecification\",\"valueRequired\":true,\"valueName\":\"search_term_string\"}}],\"inLanguage\":\"fi\"},{\"@type\":\"Organization\",\"@id\":\"https:\\\/\\\/www.epluse.fi\\\/#organization\",\"name\":\"Energy Plus Engineering Oy\",\"url\":\"https:\\\/\\\/www.epluse.fi\\\/\",\"logo\":{\"@type\":\"ImageObject\",\"inLanguage\":\"fi\",\"@id\":\"https:\\\/\\\/www.epluse.fi\\\/#\\\/schema\\\/logo\\\/image\\\/\",\"url\":\"https:\\\/\\\/www.epluse.fi\\\/wp-content\\\/uploads\\\/2021\\\/07\\\/cropped-EE_logo_RGB_musta.jpg\",\"contentUrl\":\"https:\\\/\\\/www.epluse.fi\\\/wp-content\\\/uploads\\\/2021\\\/07\\\/cropped-EE_logo_RGB_musta.jpg\",\"width\":354,\"height\":421,\"caption\":\"Energy Plus Engineering Oy\"},\"image\":{\"@id\":\"https:\\\/\\\/www.epluse.fi\\\/#\\\/schema\\\/logo\\\/image\\\/\"},\"sameAs\":[\"https:\\\/\\\/www.linkedin.com\\\/company\\\/energy-plus-engineering-oy\"]}]}<\/script>\n<!-- \/ Yoast SEO plugin. -->","yoast_head_json":{"title":"Palvelumme - Energy Plus Engineering Oy","description":"T\u00e4lt\u00e4 sivulta l\u00f6yd\u00e4t tiedot energiaselvityksist\u00e4mme. Energiaselvitys on ajankohtainen erityisesti silloin, kun suunnittelet aurinkos\u00e4hk\u00f6investointia, l\u00e4mmitystavan muutosta tai etsit keinoja energiakustannusten pienent\u00e4miseen.","robots":{"index":"index","follow":"follow","max-snippet":"max-snippet:-1","max-image-preview":"max-image-preview:large","max-video-preview":"max-video-preview:-1"},"canonical":"https:\/\/www.epluse.fi\/?page_id=182","og_locale":"fi_FI","og_type":"article","og_title":"Palvelumme - Energy Plus Engineering Oy","og_description":"T\u00e4lt\u00e4 sivulta l\u00f6yd\u00e4t tiedot energiaselvityksist\u00e4mme. Energiaselvitys on ajankohtainen erityisesti silloin, kun suunnittelet aurinkos\u00e4hk\u00f6investointia, l\u00e4mmitystavan muutosta tai etsit keinoja energiakustannusten pienent\u00e4miseen.","og_url":"https:\/\/www.epluse.fi\/?page_id=182","og_site_name":"Energy Plus Engineering Oy","article_modified_time":"2024-06-18T07:19:15+00:00","og_image":[{"url":"https:\/\/www.epluse.fi\/wp-content\/uploads\/2023\/03\/IMG_6867-1024x683.jpg","type":"","width":"","height":""}],"twitter_card":"summary_large_image","twitter_misc":{"Arvioitu lukuaika":"2 minuuttia"},"schema":{"@context":"https:\/\/schema.org","@graph":[{"@type":"WebPage","@id":"https:\/\/www.epluse.fi\/?page_id=182","url":"https:\/\/www.epluse.fi\/?page_id=182","name":"Palvelumme - Energy Plus Engineering Oy","isPartOf":{"@id":"https:\/\/www.epluse.fi\/#website"},"primaryImageOfPage":{"@id":"https:\/\/www.epluse.fi\/?page_id=182#primaryimage"},"image":{"@id":"https:\/\/www.epluse.fi\/?page_id=182#primaryimage"},"thumbnailUrl":"https:\/\/www.epluse.fi\/wp-content\/uploads\/2023\/03\/IMG_6867-1024x683.jpg","datePublished":"2022-10-12T13:41:59+00:00","dateModified":"2024-06-18T07:19:15+00:00","description":"T\u00e4lt\u00e4 sivulta l\u00f6yd\u00e4t tiedot energiaselvityksist\u00e4mme. Energiaselvitys on ajankohtainen erityisesti silloin, kun suunnittelet aurinkos\u00e4hk\u00f6investointia, l\u00e4mmitystavan muutosta tai etsit keinoja energiakustannusten pienent\u00e4miseen.","breadcrumb":{"@id":"https:\/\/www.epluse.fi\/?page_id=182#breadcrumb"},"inLanguage":"fi","potentialAction":[{"@type":"ReadAction","target":["https:\/\/www.epluse.fi\/?page_id=182"]}]},{"@type":"ImageObject","inLanguage":"fi","@id":"https:\/\/www.epluse.fi\/?page_id=182#primaryimage","url":"https:\/\/www.epluse.fi\/wp-content\/uploads\/2023\/03\/IMG_6867-scaled.jpg","contentUrl":"https:\/\/www.epluse.fi\/wp-content\/uploads\/2023\/03\/IMG_6867-scaled.jpg","width":2560,"height":1707},{"@type":"BreadcrumbList","@id":"https:\/\/www.epluse.fi\/?page_id=182#breadcrumb","itemListElement":[{"@type":"ListItem","position":1,"name":"Etusivu","item":"https:\/\/www.epluse.fi\/"},{"@type":"ListItem","position":2,"name":"Palvelumme"}]},{"@type":"WebSite","@id":"https:\/\/www.epluse.fi\/#website","url":"https:\/\/www.epluse.fi\/","name":"Energy Plus Engineering Oy","description":"","publisher":{"@id":"https:\/\/www.epluse.fi\/#organization"},"potentialAction":[{"@type":"SearchAction","target":{"@type":"EntryPoint","urlTemplate":"https:\/\/www.epluse.fi\/?s={search_term_string}"},"query-input":{"@type":"PropertyValueSpecification","valueRequired":true,"valueName":"search_term_string"}}],"inLanguage":"fi"},{"@type":"Organization","@id":"https:\/\/www.epluse.fi\/#organization","name":"Energy Plus Engineering Oy","url":"https:\/\/www.epluse.fi\/","logo":{"@type":"ImageObject","inLanguage":"fi","@id":"https:\/\/www.epluse.fi\/#\/schema\/logo\/image\/","url":"https:\/\/www.epluse.fi\/wp-content\/uploads\/2021\/07\/cropped-EE_logo_RGB_musta.jpg","contentUrl":"https:\/\/www.epluse.fi\/wp-content\/uploads\/2021\/07\/cropped-EE_logo_RGB_musta.jpg","width":354,"height":421,"caption":"Energy Plus Engineering Oy"},"image":{"@id":"https:\/\/www.epluse.fi\/#\/schema\/logo\/image\/"},"sameAs":["https:\/\/www.linkedin.com\/company\/energy-plus-engineering-oy"]}]}},"_links":{"self":[{"href":"https:\/\/www.epluse.fi\/index.php?rest_route=\/wp\/v2\/pages\/182","targetHints":{"allow":["GET"]}}],"collection":[{"href":"https:\/\/www.epluse.fi\/index.php?rest_route=\/wp\/v2\/pages"}],"about":[{"href":"https:\/\/www.epluse.fi\/index.php?rest_route=\/wp\/v2\/types\/page"}],"author":[{"embeddable":true,"href":"https:\/\/www.epluse.fi\/index.php?rest_route=\/wp\/v2\/users\/1"}],"replies":[{"embeddable":true,"href":"https:\/\/www.epluse.fi\/index.php?rest_route=%2Fwp%2Fv2%2Fcomments&post=182"}],"version-history":[{"count":24,"href":"https:\/\/www.epluse.fi\/index.php?rest_route=\/wp\/v2\/pages\/182\/revisions"}],"predecessor-version":[{"id":500,"href":"https:\/\/www.epluse.fi\/index.php?rest_route=\/wp\/v2\/pages\/182\/revisions\/500"}],"wp:attachment":[{"href":"https:\/\/www.epluse.fi\/index.php?rest_route=%2Fwp%2Fv2%2Fmedia&parent=182"}],"curies":[{"name":"wp","href":"https:\/\/api.w.org\/{rel}","templated":true}]}}