{"id":14,"date":"2021-07-26T12:07:34","date_gmt":"2021-07-26T12:07:34","guid":{"rendered":"https:\/\/www.epluse.fi\/?page_id=14"},"modified":"2026-02-19T09:00:08","modified_gmt":"2026-02-19T09:00:08","slug":"ota-yhteytta","status":"publish","type":"page","link":"https:\/\/www.epluse.fi\/?page_id=14","title":{"rendered":"Ota yhteytt\u00e4"},"content":{"rendered":"\n<div class=\"wp-block-columns is-layout-flex wp-container-core-columns-is-layout-9d6595d7 wp-block-columns-is-layout-flex\">\n<div class=\"wp-block-column is-layout-flow wp-block-column-is-layout-flow\">\n<figure class=\"wp-block-image size-large\"><img loading=\"lazy\" decoding=\"async\" width=\"768\" height=\"1024\" src=\"https:\/\/www.epluse.fi\/wp-content\/uploads\/2023\/03\/IMG_6946_muokattu-1-768x1024.jpg\" alt=\"\" class=\"wp-image-365\" srcset=\"https:\/\/www.epluse.fi\/wp-content\/uploads\/2023\/03\/IMG_6946_muokattu-1-768x1024.jpg 768w, https:\/\/www.epluse.fi\/wp-content\/uploads\/2023\/03\/IMG_6946_muokattu-1-225x300.jpg 225w, https:\/\/www.epluse.fi\/wp-content\/uploads\/2023\/03\/IMG_6946_muokattu-1-1152x1536.jpg 1152w, https:\/\/www.epluse.fi\/wp-content\/uploads\/2023\/03\/IMG_6946_muokattu-1.jpg 1260w\" sizes=\"auto, (max-width: 768px) 100vw, 768px\" \/><\/figure>\n<\/div>\n\n\n\n<div class=\"wp-block-column is-layout-flow wp-block-column-is-layout-flow\">\n<p><strong>Mirika Knuutila<\/strong><\/p>\n\n\n\n<p>Toimitusjohtaja<\/p>\n\n\n\n<p><em>Tilaukset ja tarjouspyynn\u00f6t<\/em><\/p>\n\n\n\n<p><a href=\"mailto:mirika.knuutila@epluse.fi\" rel=\"nofollow\">mirika.knuutila@epluse.fi<\/a> <\/p>\n\n\n\n<p class=\"has-text-align-left\">045 783 418 52<\/p>\n<\/div>\n<\/div>\n\n\n\n<div class=\"wp-block-columns is-layout-flex wp-container-core-columns-is-layout-9d6595d7 wp-block-columns-is-layout-flex\">\n<div class=\"wp-block-column is-layout-flow wp-block-column-is-layout-flow\">\n<figure class=\"wp-block-image size-large\"><img loading=\"lazy\" decoding=\"async\" width=\"768\" height=\"1024\" src=\"https:\/\/www.epluse.fi\/wp-content\/uploads\/2023\/03\/IMG_6847_muokattu-768x1024.jpg\" alt=\"\" class=\"wp-image-362\" srcset=\"https:\/\/www.epluse.fi\/wp-content\/uploads\/2023\/03\/IMG_6847_muokattu-768x1024.jpg 768w, https:\/\/www.epluse.fi\/wp-content\/uploads\/2023\/03\/IMG_6847_muokattu-225x300.jpg 225w, https:\/\/www.epluse.fi\/wp-content\/uploads\/2023\/03\/IMG_6847_muokattu-1152x1536.jpg 1152w, https:\/\/www.epluse.fi\/wp-content\/uploads\/2023\/03\/IMG_6847_muokattu.jpg 1260w\" sizes=\"auto, (max-width: 768px) 100vw, 768px\" \/><\/figure>\n<\/div>\n\n\n\n<div class=\"wp-block-column is-layout-flow wp-block-column-is-layout-flow\">\n<p><strong>Konsta Munne<\/strong><\/p>\n\n\n\n<p>Energia-asiantuntija<\/p>\n\n\n\n<p><a href=\"mailto:konsta.munne@epluse.fi\" rel=\"nofollow\">konsta.munne@epluse.fi<\/a><\/p>\n\n\n\n<p>045 783 419 53<\/p>\n<\/div>\n<\/div>\n\n\n\n<div class=\"wp-block-columns is-layout-flex wp-container-core-columns-is-layout-9d6595d7 wp-block-columns-is-layout-flex\">\n<div class=\"wp-block-column is-layout-flow wp-block-column-is-layout-flow\">\n<figure class=\"wp-block-image size-large\"><img loading=\"lazy\" decoding=\"async\" width=\"735\" height=\"1024\" src=\"https:\/\/www.epluse.fi\/wp-content\/uploads\/2026\/02\/Eemeli_rajattu-735x1024.jpeg\" alt=\"\" class=\"wp-image-599\" srcset=\"https:\/\/www.epluse.fi\/wp-content\/uploads\/2026\/02\/Eemeli_rajattu-735x1024.jpeg 735w, https:\/\/www.epluse.fi\/wp-content\/uploads\/2026\/02\/Eemeli_rajattu-215x300.jpeg 215w, https:\/\/www.epluse.fi\/wp-content\/uploads\/2026\/02\/Eemeli_rajattu-768x1070.jpeg 768w, https:\/\/www.epluse.fi\/wp-content\/uploads\/2026\/02\/Eemeli_rajattu.jpeg 1077w\" sizes=\"auto, (max-width: 735px) 100vw, 735px\" \/><\/figure>\n<\/div>\n\n\n\n<div class=\"wp-block-column is-layout-flow wp-block-column-is-layout-flow\">\n<p><strong>Eemeli Ekosaari<\/strong><\/p>\n\n\n\n<p>Energia-asiantuntija<\/p>\n\n\n\n<p><a href=\"mailto:eemeli.ekosaari@epluse.fi\">eemeli.ekosaari@epluse.fi<\/a><\/p>\n\n\n\n<p>045 783 985 54<\/p>\n<\/div>\n<\/div>\n\n\n\n<div class=\"wp-block-columns is-layout-flex wp-container-core-columns-is-layout-9d6595d7 wp-block-columns-is-layout-flex\">\n<div class=\"wp-block-column is-layout-flow wp-block-column-is-layout-flow\">\n<figure class=\"wp-block-image size-full\"><img loading=\"lazy\" decoding=\"async\" width=\"1200\" height=\"1600\" src=\"https:\/\/www.epluse.fi\/wp-content\/uploads\/2026\/02\/Antti.jpeg\" alt=\"\" class=\"wp-image-600\" srcset=\"https:\/\/www.epluse.fi\/wp-content\/uploads\/2026\/02\/Antti.jpeg 1200w, https:\/\/www.epluse.fi\/wp-content\/uploads\/2026\/02\/Antti-225x300.jpeg 225w, https:\/\/www.epluse.fi\/wp-content\/uploads\/2026\/02\/Antti-768x1024.jpeg 768w, https:\/\/www.epluse.fi\/wp-content\/uploads\/2026\/02\/Antti-1152x1536.jpeg 1152w\" sizes=\"auto, (max-width: 1200px) 100vw, 1200px\" \/><\/figure>\n<\/div>\n\n\n\n<div class=\"wp-block-column is-layout-flow wp-block-column-is-layout-flow\">\n<p><strong>Antti Kosonen<\/strong><\/p>\n\n\n\n<p>Hallituksen puheenjohtaja <\/p>\n\n\n\n<p><a href=\"mailto:antti.kosonen@epluse.fi\" rel=\"nofollow\">antti.kosonen@epluse.fi<\/a><\/p>\n\n\n\n<p>045 676 98 78 <\/p>\n<\/div>\n<\/div>\n\n\n\n<div style=\"height:9px\" aria-hidden=\"true\" class=\"wp-block-spacer\"><\/div>\n\n\n\n<div style=\"height:40px\" aria-hidden=\"true\" class=\"wp-block-spacer\"><\/div>\n\n\n\n<p class=\"has-text-align-center\"><strong>Energy Plus Engineering Oy<\/strong> <\/p>\n\n\n\n<p class=\"has-text-align-center\"><em>Kiinteist\u00f6jen energia-asioiden asiantuntija<\/em><\/p>\n\n\n\n<p class=\"has-text-align-center\">Rantaniitynkatu 41, 53850 Lappeenranta<\/p>\n\n\n\n<p class=\"has-text-align-center\">Y-tunnus: 3193825-3<\/p>\n","protected":false},"excerpt":{"rendered":"<p>Mirika Knuutila Toimitusjohtaja Tilaukset ja tarjouspyynn\u00f6t mirika.knuutila@epluse.fi 045 783 418 52 Konsta Munne Energia-asiantuntija konsta.munne@epluse.fi 045 783 419 53 Eemeli Ekosaari Energia-asiantuntija eemeli.ekosaari@epluse.fi 045 783 985 54 Antti Kosonen Hallituksen puheenjohtaja antti.kosonen@epluse.fi 045 676 98 78 Energy Plus Engineering Oy Kiinteist\u00f6jen energia-asioiden asiantuntija Rantaniitynkatu 41, 53850 Lappeenranta Y-tunnus: 3193825-3<\/p>\n","protected":false},"author":1,"featured_media":0,"parent":0,"menu_order":0,"comment_status":"closed","ping_status":"closed","template":"","meta":{"footnotes":""},"class_list":["post-14","page","type-page","status-publish","hentry","entry"],"yoast_head":"<!-- This site is optimized with the Yoast SEO plugin v27.5 - https:\/\/yoast.com\/product\/yoast-seo-wordpress\/ -->\n<title>Ota yhteytt\u00e4 - Energy Plus Engineering Oy<\/title>\n<meta name=\"description\" content=\"Ota meihin yhteytt\u00e4 ja selvitet\u00e4\u00e4n kiinteist\u00f6si mahdollisuudet yhdess\u00e4!\" \/>\n<meta name=\"robots\" content=\"index, follow, max-snippet:-1, max-image-preview:large, max-video-preview:-1\" \/>\n<link rel=\"canonical\" href=\"https:\/\/www.epluse.fi\/?page_id=14\" \/>\n<meta property=\"og:locale\" content=\"fi_FI\" \/>\n<meta property=\"og:type\" content=\"article\" \/>\n<meta property=\"og:title\" content=\"Ota yhteytt\u00e4 - Energy Plus Engineering Oy\" \/>\n<meta property=\"og:description\" content=\"Ota meihin yhteytt\u00e4 ja selvitet\u00e4\u00e4n kiinteist\u00f6si mahdollisuudet yhdess\u00e4!\" \/>\n<meta property=\"og:url\" content=\"https:\/\/www.epluse.fi\/?page_id=14\" \/>\n<meta property=\"og:site_name\" content=\"Energy Plus Engineering Oy\" \/>\n<meta property=\"article:modified_time\" content=\"2026-02-19T09:00:08+00:00\" \/>\n<meta property=\"og:image\" content=\"https:\/\/www.epluse.fi\/wp-content\/uploads\/2023\/03\/IMG_6946_muokattu-1.jpg\" \/>\n\t<meta property=\"og:image:width\" content=\"1260\" \/>\n\t<meta property=\"og:image:height\" content=\"1680\" \/>\n\t<meta property=\"og:image:type\" content=\"image\/jpeg\" \/>\n<meta name=\"twitter:card\" content=\"summary_large_image\" \/>\n<meta name=\"twitter:label1\" content=\"Arvioitu lukuaika\" \/>\n\t<meta name=\"twitter:data1\" content=\"2 minuuttia\" \/>\n<script type=\"application\/ld+json\" class=\"yoast-schema-graph\">{\"@context\":\"https:\\\/\\\/schema.org\",\"@graph\":[{\"@type\":\"WebPage\",\"@id\":\"https:\\\/\\\/www.epluse.fi\\\/?page_id=14\",\"url\":\"https:\\\/\\\/www.epluse.fi\\\/?page_id=14\",\"name\":\"Ota yhteytt\u00e4 - Energy Plus Engineering Oy\",\"isPartOf\":{\"@id\":\"https:\\\/\\\/www.epluse.fi\\\/#website\"},\"primaryImageOfPage\":{\"@id\":\"https:\\\/\\\/www.epluse.fi\\\/?page_id=14#primaryimage\"},\"image\":{\"@id\":\"https:\\\/\\\/www.epluse.fi\\\/?page_id=14#primaryimage\"},\"thumbnailUrl\":\"https:\\\/\\\/www.epluse.fi\\\/wp-content\\\/uploads\\\/2023\\\/03\\\/IMG_6946_muokattu-1-768x1024.jpg\",\"datePublished\":\"2021-07-26T12:07:34+00:00\",\"dateModified\":\"2026-02-19T09:00:08+00:00\",\"description\":\"Ota meihin yhteytt\u00e4 ja selvitet\u00e4\u00e4n kiinteist\u00f6si mahdollisuudet yhdess\u00e4!\",\"breadcrumb\":{\"@id\":\"https:\\\/\\\/www.epluse.fi\\\/?page_id=14#breadcrumb\"},\"inLanguage\":\"fi\",\"potentialAction\":[{\"@type\":\"ReadAction\",\"target\":[\"https:\\\/\\\/www.epluse.fi\\\/?page_id=14\"]}]},{\"@type\":\"ImageObject\",\"inLanguage\":\"fi\",\"@id\":\"https:\\\/\\\/www.epluse.fi\\\/?page_id=14#primaryimage\",\"url\":\"https:\\\/\\\/www.epluse.fi\\\/wp-content\\\/uploads\\\/2023\\\/03\\\/IMG_6946_muokattu-1.jpg\",\"contentUrl\":\"https:\\\/\\\/www.epluse.fi\\\/wp-content\\\/uploads\\\/2023\\\/03\\\/IMG_6946_muokattu-1.jpg\",\"width\":1260,\"height\":1680},{\"@type\":\"BreadcrumbList\",\"@id\":\"https:\\\/\\\/www.epluse.fi\\\/?page_id=14#breadcrumb\",\"itemListElement\":[{\"@type\":\"ListItem\",\"position\":1,\"name\":\"Etusivu\",\"item\":\"https:\\\/\\\/www.epluse.fi\\\/\"},{\"@type\":\"ListItem\",\"position\":2,\"name\":\"Ota yhteytt\u00e4\"}]},{\"@type\":\"WebSite\",\"@id\":\"https:\\\/\\\/www.epluse.fi\\\/#website\",\"url\":\"https:\\\/\\\/www.epluse.fi\\\/\",\"name\":\"Energy Plus Engineering Oy\",\"description\":\"\",\"publisher\":{\"@id\":\"https:\\\/\\\/www.epluse.fi\\\/#organization\"},\"potentialAction\":[{\"@type\":\"SearchAction\",\"target\":{\"@type\":\"EntryPoint\",\"urlTemplate\":\"https:\\\/\\\/www.epluse.fi\\\/?s={search_term_string}\"},\"query-input\":{\"@type\":\"PropertyValueSpecification\",\"valueRequired\":true,\"valueName\":\"search_term_string\"}}],\"inLanguage\":\"fi\"},{\"@type\":\"Organization\",\"@id\":\"https:\\\/\\\/www.epluse.fi\\\/#organization\",\"name\":\"Energy Plus Engineering Oy\",\"url\":\"https:\\\/\\\/www.epluse.fi\\\/\",\"logo\":{\"@type\":\"ImageObject\",\"inLanguage\":\"fi\",\"@id\":\"https:\\\/\\\/www.epluse.fi\\\/#\\\/schema\\\/logo\\\/image\\\/\",\"url\":\"https:\\\/\\\/www.epluse.fi\\\/wp-content\\\/uploads\\\/2021\\\/07\\\/cropped-EE_logo_RGB_musta.jpg\",\"contentUrl\":\"https:\\\/\\\/www.epluse.fi\\\/wp-content\\\/uploads\\\/2021\\\/07\\\/cropped-EE_logo_RGB_musta.jpg\",\"width\":354,\"height\":421,\"caption\":\"Energy Plus Engineering Oy\"},\"image\":{\"@id\":\"https:\\\/\\\/www.epluse.fi\\\/#\\\/schema\\\/logo\\\/image\\\/\"},\"sameAs\":[\"https:\\\/\\\/www.linkedin.com\\\/company\\\/energy-plus-engineering-oy\"]}]}<\/script>\n<!-- \/ Yoast SEO plugin. -->","yoast_head_json":{"title":"Ota yhteytt\u00e4 - Energy Plus Engineering Oy","description":"Ota meihin yhteytt\u00e4 ja selvitet\u00e4\u00e4n kiinteist\u00f6si mahdollisuudet yhdess\u00e4!","robots":{"index":"index","follow":"follow","max-snippet":"max-snippet:-1","max-image-preview":"max-image-preview:large","max-video-preview":"max-video-preview:-1"},"canonical":"https:\/\/www.epluse.fi\/?page_id=14","og_locale":"fi_FI","og_type":"article","og_title":"Ota yhteytt\u00e4 - Energy Plus Engineering Oy","og_description":"Ota meihin yhteytt\u00e4 ja selvitet\u00e4\u00e4n kiinteist\u00f6si mahdollisuudet yhdess\u00e4!","og_url":"https:\/\/www.epluse.fi\/?page_id=14","og_site_name":"Energy Plus Engineering Oy","article_modified_time":"2026-02-19T09:00:08+00:00","og_image":[{"width":1260,"height":1680,"url":"https:\/\/www.epluse.fi\/wp-content\/uploads\/2023\/03\/IMG_6946_muokattu-1.jpg","type":"image\/jpeg"}],"twitter_card":"summary_large_image","twitter_misc":{"Arvioitu lukuaika":"2 minuuttia"},"schema":{"@context":"https:\/\/schema.org","@graph":[{"@type":"WebPage","@id":"https:\/\/www.epluse.fi\/?page_id=14","url":"https:\/\/www.epluse.fi\/?page_id=14","name":"Ota yhteytt\u00e4 - Energy Plus Engineering Oy","isPartOf":{"@id":"https:\/\/www.epluse.fi\/#website"},"primaryImageOfPage":{"@id":"https:\/\/www.epluse.fi\/?page_id=14#primaryimage"},"image":{"@id":"https:\/\/www.epluse.fi\/?page_id=14#primaryimage"},"thumbnailUrl":"https:\/\/www.epluse.fi\/wp-content\/uploads\/2023\/03\/IMG_6946_muokattu-1-768x1024.jpg","datePublished":"2021-07-26T12:07:34+00:00","dateModified":"2026-02-19T09:00:08+00:00","description":"Ota meihin yhteytt\u00e4 ja selvitet\u00e4\u00e4n kiinteist\u00f6si mahdollisuudet yhdess\u00e4!","breadcrumb":{"@id":"https:\/\/www.epluse.fi\/?page_id=14#breadcrumb"},"inLanguage":"fi","potentialAction":[{"@type":"ReadAction","target":["https:\/\/www.epluse.fi\/?page_id=14"]}]},{"@type":"ImageObject","inLanguage":"fi","@id":"https:\/\/www.epluse.fi\/?page_id=14#primaryimage","url":"https:\/\/www.epluse.fi\/wp-content\/uploads\/2023\/03\/IMG_6946_muokattu-1.jpg","contentUrl":"https:\/\/www.epluse.fi\/wp-content\/uploads\/2023\/03\/IMG_6946_muokattu-1.jpg","width":1260,"height":1680},{"@type":"BreadcrumbList","@id":"https:\/\/www.epluse.fi\/?page_id=14#breadcrumb","itemListElement":[{"@type":"ListItem","position":1,"name":"Etusivu","item":"https:\/\/www.epluse.fi\/"},{"@type":"ListItem","position":2,"name":"Ota yhteytt\u00e4"}]},{"@type":"WebSite","@id":"https:\/\/www.epluse.fi\/#website","url":"https:\/\/www.epluse.fi\/","name":"Energy Plus Engineering Oy","description":"","publisher":{"@id":"https:\/\/www.epluse.fi\/#organization"},"potentialAction":[{"@type":"SearchAction","target":{"@type":"EntryPoint","urlTemplate":"https:\/\/www.epluse.fi\/?s={search_term_string}"},"query-input":{"@type":"PropertyValueSpecification","valueRequired":true,"valueName":"search_term_string"}}],"inLanguage":"fi"},{"@type":"Organization","@id":"https:\/\/www.epluse.fi\/#organization","name":"Energy Plus Engineering Oy","url":"https:\/\/www.epluse.fi\/","logo":{"@type":"ImageObject","inLanguage":"fi","@id":"https:\/\/www.epluse.fi\/#\/schema\/logo\/image\/","url":"https:\/\/www.epluse.fi\/wp-content\/uploads\/2021\/07\/cropped-EE_logo_RGB_musta.jpg","contentUrl":"https:\/\/www.epluse.fi\/wp-content\/uploads\/2021\/07\/cropped-EE_logo_RGB_musta.jpg","width":354,"height":421,"caption":"Energy Plus Engineering Oy"},"image":{"@id":"https:\/\/www.epluse.fi\/#\/schema\/logo\/image\/"},"sameAs":["https:\/\/www.linkedin.com\/company\/energy-plus-engineering-oy"]}]}},"_links":{"self":[{"href":"https:\/\/www.epluse.fi\/index.php?rest_route=\/wp\/v2\/pages\/14","targetHints":{"allow":["GET"]}}],"collection":[{"href":"https:\/\/www.epluse.fi\/index.php?rest_route=\/wp\/v2\/pages"}],"about":[{"href":"https:\/\/www.epluse.fi\/index.php?rest_route=\/wp\/v2\/types\/page"}],"author":[{"embeddable":true,"href":"https:\/\/www.epluse.fi\/index.php?rest_route=\/wp\/v2\/users\/1"}],"replies":[{"embeddable":true,"href":"https:\/\/www.epluse.fi\/index.php?rest_route=%2Fwp%2Fv2%2Fcomments&post=14"}],"version-history":[{"count":20,"href":"https:\/\/www.epluse.fi\/index.php?rest_route=\/wp\/v2\/pages\/14\/revisions"}],"predecessor-version":[{"id":601,"href":"https:\/\/www.epluse.fi\/index.php?rest_route=\/wp\/v2\/pages\/14\/revisions\/601"}],"wp:attachment":[{"href":"https:\/\/www.epluse.fi\/index.php?rest_route=%2Fwp%2Fv2%2Fmedia&parent=14"}],"curies":[{"name":"wp","href":"https:\/\/api.w.org\/{rel}","templated":true}]}}