{"id":13,"date":"2021-07-26T12:07:34","date_gmt":"2021-07-26T12:07:34","guid":{"rendered":"https:\/\/www.epluse.fi\/?page_id=13"},"modified":"2026-02-19T11:55:10","modified_gmt":"2026-02-19T11:55:10","slug":"tietoja","status":"publish","type":"page","link":"https:\/\/www.epluse.fi\/?page_id=13","title":{"rendered":"Tarinamme"},"content":{"rendered":"\n<div class=\"wp-block-columns alignwide is-layout-flex wp-container-core-columns-is-layout-9d6595d7 wp-block-columns-is-layout-flex\">\n<div class=\"wp-block-column is-layout-flow wp-block-column-is-layout-flow\">\n<p>Kiinteist\u00f6sektorilla on suuri rooli maailmalla meneill\u00e4\u00e4n olevassa murroksessa. Rakennukset ja rakentaminen aiheuttavat nimitt\u00e4in maailman p\u00e4\u00e4st\u00f6ist\u00e4 l\u00e4hes 40 %. S\u00e4hk\u00f6istyminen on vallitseva megatrendi ja se on yksi ratkaisuista osaan kiinteist\u00f6sektorin kohtaamista haasteista sek\u00e4 hiilineutraalisuustavoitteista. N\u00e4kemyksemme mukaan toinen ratkaisun osa on kiinteist\u00f6jen energiank\u00e4yt\u00f6n ja -tuoton kokonaisuuden hallinta.<\/p>\n\n\n\n<p>LUT-Yliopiston <a href=\"https:\/\/urn.fi\/URN:ISBN:978-952-335-688-7\">tutkimushankkee<\/a>ssa saamiemme tulosten mukaan energiatehokkuusparannuksilla, joilla voidaan v\u00e4hent\u00e4\u00e4 merkitt\u00e4v\u00e4sti rakennuskannan p\u00e4\u00e4st\u00f6j\u00e4, tuotetaan my\u00f6s merkitt\u00e4vi\u00e4 k\u00e4ytt\u00f6kustannuss\u00e4\u00e4st\u00f6j\u00e4. Lis\u00e4ksi <a href=\"https:\/\/www.lut.fi\/fi\/uutiset\/tutkimuksessa-loydettiin-toimiva-tapa-hiilineutraalin-rakennuksen-suunnitteluun\">hiilineutraali rakentaminen<\/a> on mahdollista vain, kun otetaan huomioon my\u00f6s <a href=\"https:\/\/urn.fi\/URN:ISBN:978-952-335-791-4\">rakennusten k\u00e4yt\u00f6naikaiset p\u00e4\u00e4st\u00f6t<\/a>. Tutkimuksen kautta syntyneen osaamisemme pohjalta perustimme kahdeksan kollegan voimin yrityksemme <strong>Energy Plus Engineering Oy<\/strong>:n, jotta voimme olla konkreettisesti auttamassa kiinteist\u00f6n omistajia saamaan kiinteist\u00f6ist\u00e4\u00e4n parhaan tuoton, samalla kun he tekev\u00e4t osansa ilmastonmuutoksen hillinn\u00e4ss\u00e4.<\/p>\n\n\n\n<figure class=\"wp-block-image size-large\"><img loading=\"lazy\" decoding=\"async\" width=\"1024\" height=\"651\" src=\"https:\/\/www.epluse.fi\/wp-content\/uploads\/2026\/02\/poppoo-rajattu-1024x651.jpeg\" alt=\"\" class=\"wp-image-604\" srcset=\"https:\/\/www.epluse.fi\/wp-content\/uploads\/2026\/02\/poppoo-rajattu-1024x651.jpeg 1024w, https:\/\/www.epluse.fi\/wp-content\/uploads\/2026\/02\/poppoo-rajattu-300x191.jpeg 300w, https:\/\/www.epluse.fi\/wp-content\/uploads\/2026\/02\/poppoo-rajattu-768x488.jpeg 768w, https:\/\/www.epluse.fi\/wp-content\/uploads\/2026\/02\/poppoo-rajattu-1536x976.jpeg 1536w, https:\/\/www.epluse.fi\/wp-content\/uploads\/2026\/02\/poppoo-rajattu-2048x1302.jpeg 2048w, https:\/\/www.epluse.fi\/wp-content\/uploads\/2026\/02\/poppoo-rajattu-1568x997.jpeg 1568w\" sizes=\"auto, (max-width: 1024px) 100vw, 1024px\" \/><\/figure>\n\n\n\n<p>Tavoitteenamme on l\u00f6yt\u00e4\u00e4 kiinteist\u00f6n omistajalle juuri h\u00e4nen kiinteist\u00f6\u00f6ns\u00e4 kokonaisuuden kannalta parhaiten soveltuvat ratkaisut kiinteist\u00f6n omistajan m\u00e4\u00e4rittelemien tavoitteiden mukaisesti. Tarkastelemme teknologiavaihtoehtoja &#8211; kuten l\u00e4mp\u00f6pumput, ilmanvaihdon l\u00e4mm\u00f6ntalteenotto ja aurinkopaneelit &#8211; ilman mink\u00e4\u00e4n teknologian myymistarkoitusta, jolloin saat puolueettoman arvion teknologioiden mitoituksista sek\u00e4 vaikutuksista.<\/p>\n\n\n\n<figure class=\"wp-block-pullquote\"><blockquote><p>Lupauksemme on tuottaa kiinteist\u00f6n omistajalle s\u00e4\u00e4st\u00f6j\u00e4, jotka muodostavat lis\u00e4arvoa kiinteist\u00f6lle.<\/p><\/blockquote><\/figure>\n\n\n\n<p>Kohteenamme ovat sek\u00e4 suuren kokoluokan kiinteist\u00f6t ett\u00e4 pienemm\u00e4t rakennuskokonaisuudet. Haluamme tuoda tiedon kannattavista energiatehokkuusparannuksista tasapuolisesti kaikille kiinteist\u00f6nomistajille. Meill\u00e4 on kokemusta monipuolisesti sek\u00e4 julkisista kiinteist\u00f6ist\u00e4 ett\u00e4 yritysrakennuksista, aina j\u00e4\u00e4halleista konepajoihin ja toimistoista maatiloihin.<\/p>\n\n\n\n<p>Oli kiinteist\u00f6si sitten hiljattain rakennettu tai vanhemman puoleinen, saattaa sielt\u00e4 l\u00f6yty\u00e4 helposti rahaksi muutettavaa s\u00e4\u00e4st\u00f6potentiaalia. <a href=\"https:\/\/www.epluse.fi\/?page_id=14\" target=\"_blank\" rel=\"noreferrer noopener\">Ota meihin yhteytt\u00e4<\/a> ja selvitet\u00e4\u00e4n kiinteist\u00f6si mahdollisuudet yhdess\u00e4!<\/p>\n<\/div>\n<\/div>\n","protected":false},"excerpt":{"rendered":"<p>Kiinteist\u00f6sektorilla on suuri rooli maailmalla meneill\u00e4\u00e4n olevassa murroksessa. Rakennukset ja rakentaminen aiheuttavat nimitt\u00e4in maailman p\u00e4\u00e4st\u00f6ist\u00e4 l\u00e4hes 40 %. S\u00e4hk\u00f6istyminen on vallitseva megatrendi ja se on yksi ratkaisuista osaan kiinteist\u00f6sektorin kohtaamista haasteista sek\u00e4 hiilineutraalisuustavoitteista. N\u00e4kemyksemme mukaan toinen ratkaisun osa on kiinteist\u00f6jen energiank\u00e4yt\u00f6n ja -tuoton kokonaisuuden hallinta. LUT-Yliopiston tutkimushankkeessa saamiemme tulosten mukaan energiatehokkuusparannuksilla, joilla voidaan v\u00e4hent\u00e4\u00e4 merkitt\u00e4v\u00e4sti&hellip; <a class=\"more-link\" href=\"https:\/\/www.epluse.fi\/?page_id=13\">Jatka lukemista <span class=\"screen-reader-text\">Tarinamme<\/span><\/a><\/p>\n","protected":false},"author":1,"featured_media":0,"parent":0,"menu_order":0,"comment_status":"closed","ping_status":"closed","template":"","meta":{"footnotes":""},"class_list":["post-13","page","type-page","status-publish","hentry","entry"],"yoast_head":"<!-- This site is optimized with the Yoast SEO plugin v27.5 - https:\/\/yoast.com\/product\/yoast-seo-wordpress\/ -->\n<title>Tarinamme - Energy Plus Engineering Oy<\/title>\n<meta name=\"description\" content=\"Kiinteist\u00f6sektorilla on suuri rooli maailmalla meneill\u00e4\u00e4n olevassa murroksessa. Rakennukset ja rakentaminen aiheuttavat nimitt\u00e4in maailman p\u00e4\u00e4st\u00f6ist\u00e4 l\u00e4hes 40 %:a. S\u00e4hk\u00f6istyminen on vallitseva megatrendi ja se on ratkaisu my\u00f6s osaan kiinteist\u00f6sektorin kohtaamista haasteista. N\u00e4kemyksemme mukaan toinen ratkaisuista on kiinteist\u00f6jen energiank\u00e4yt\u00f6n ja -tuoton kokonaisuuden hallinta.\" \/>\n<meta name=\"robots\" content=\"index, follow, max-snippet:-1, max-image-preview:large, max-video-preview:-1\" \/>\n<link rel=\"canonical\" href=\"https:\/\/www.epluse.fi\/?page_id=13\" \/>\n<meta property=\"og:locale\" content=\"fi_FI\" \/>\n<meta property=\"og:type\" content=\"article\" \/>\n<meta property=\"og:title\" content=\"Tarinamme - Energy Plus Engineering Oy\" \/>\n<meta property=\"og:description\" content=\"Kiinteist\u00f6sektorilla on suuri rooli maailmalla meneill\u00e4\u00e4n olevassa murroksessa. Rakennukset ja rakentaminen aiheuttavat nimitt\u00e4in maailman p\u00e4\u00e4st\u00f6ist\u00e4 l\u00e4hes 40 %:a. S\u00e4hk\u00f6istyminen on vallitseva megatrendi ja se on ratkaisu my\u00f6s osaan kiinteist\u00f6sektorin kohtaamista haasteista. N\u00e4kemyksemme mukaan toinen ratkaisuista on kiinteist\u00f6jen energiank\u00e4yt\u00f6n ja -tuoton kokonaisuuden hallinta.\" \/>\n<meta property=\"og:url\" content=\"https:\/\/www.epluse.fi\/?page_id=13\" \/>\n<meta property=\"og:site_name\" content=\"Energy Plus Engineering Oy\" \/>\n<meta property=\"article:modified_time\" content=\"2026-02-19T11:55:10+00:00\" \/>\n<meta property=\"og:image\" content=\"https:\/\/www.epluse.fi\/wp-content\/uploads\/2026\/02\/poppoo-rajattu.jpeg\" \/>\n\t<meta property=\"og:image:width\" content=\"2445\" \/>\n\t<meta property=\"og:image:height\" content=\"1554\" \/>\n\t<meta property=\"og:image:type\" content=\"image\/jpeg\" \/>\n<meta name=\"twitter:card\" content=\"summary_large_image\" \/>\n<meta name=\"twitter:label1\" content=\"Arvioitu lukuaika\" \/>\n\t<meta name=\"twitter:data1\" content=\"2 minuuttia\" \/>\n<script type=\"application\/ld+json\" class=\"yoast-schema-graph\">{\"@context\":\"https:\\\/\\\/schema.org\",\"@graph\":[{\"@type\":\"WebPage\",\"@id\":\"https:\\\/\\\/www.epluse.fi\\\/?page_id=13\",\"url\":\"https:\\\/\\\/www.epluse.fi\\\/?page_id=13\",\"name\":\"Tarinamme - Energy Plus Engineering Oy\",\"isPartOf\":{\"@id\":\"https:\\\/\\\/www.epluse.fi\\\/#website\"},\"primaryImageOfPage\":{\"@id\":\"https:\\\/\\\/www.epluse.fi\\\/?page_id=13#primaryimage\"},\"image\":{\"@id\":\"https:\\\/\\\/www.epluse.fi\\\/?page_id=13#primaryimage\"},\"thumbnailUrl\":\"https:\\\/\\\/www.epluse.fi\\\/wp-content\\\/uploads\\\/2026\\\/02\\\/poppoo-rajattu-1024x651.jpeg\",\"datePublished\":\"2021-07-26T12:07:34+00:00\",\"dateModified\":\"2026-02-19T11:55:10+00:00\",\"description\":\"Kiinteist\u00f6sektorilla on suuri rooli maailmalla meneill\u00e4\u00e4n olevassa murroksessa. Rakennukset ja rakentaminen aiheuttavat nimitt\u00e4in maailman p\u00e4\u00e4st\u00f6ist\u00e4 l\u00e4hes 40 %:a. S\u00e4hk\u00f6istyminen on vallitseva megatrendi ja se on ratkaisu my\u00f6s osaan kiinteist\u00f6sektorin kohtaamista haasteista. N\u00e4kemyksemme mukaan toinen ratkaisuista on kiinteist\u00f6jen energiank\u00e4yt\u00f6n ja -tuoton kokonaisuuden hallinta.\",\"breadcrumb\":{\"@id\":\"https:\\\/\\\/www.epluse.fi\\\/?page_id=13#breadcrumb\"},\"inLanguage\":\"fi\",\"potentialAction\":[{\"@type\":\"ReadAction\",\"target\":[\"https:\\\/\\\/www.epluse.fi\\\/?page_id=13\"]}]},{\"@type\":\"ImageObject\",\"inLanguage\":\"fi\",\"@id\":\"https:\\\/\\\/www.epluse.fi\\\/?page_id=13#primaryimage\",\"url\":\"https:\\\/\\\/www.epluse.fi\\\/wp-content\\\/uploads\\\/2026\\\/02\\\/poppoo-rajattu.jpeg\",\"contentUrl\":\"https:\\\/\\\/www.epluse.fi\\\/wp-content\\\/uploads\\\/2026\\\/02\\\/poppoo-rajattu.jpeg\",\"width\":2445,\"height\":1554},{\"@type\":\"BreadcrumbList\",\"@id\":\"https:\\\/\\\/www.epluse.fi\\\/?page_id=13#breadcrumb\",\"itemListElement\":[{\"@type\":\"ListItem\",\"position\":1,\"name\":\"Etusivu\",\"item\":\"https:\\\/\\\/www.epluse.fi\\\/\"},{\"@type\":\"ListItem\",\"position\":2,\"name\":\"Tarinamme\"}]},{\"@type\":\"WebSite\",\"@id\":\"https:\\\/\\\/www.epluse.fi\\\/#website\",\"url\":\"https:\\\/\\\/www.epluse.fi\\\/\",\"name\":\"Energy Plus Engineering Oy\",\"description\":\"\",\"publisher\":{\"@id\":\"https:\\\/\\\/www.epluse.fi\\\/#organization\"},\"potentialAction\":[{\"@type\":\"SearchAction\",\"target\":{\"@type\":\"EntryPoint\",\"urlTemplate\":\"https:\\\/\\\/www.epluse.fi\\\/?s={search_term_string}\"},\"query-input\":{\"@type\":\"PropertyValueSpecification\",\"valueRequired\":true,\"valueName\":\"search_term_string\"}}],\"inLanguage\":\"fi\"},{\"@type\":\"Organization\",\"@id\":\"https:\\\/\\\/www.epluse.fi\\\/#organization\",\"name\":\"Energy Plus Engineering Oy\",\"url\":\"https:\\\/\\\/www.epluse.fi\\\/\",\"logo\":{\"@type\":\"ImageObject\",\"inLanguage\":\"fi\",\"@id\":\"https:\\\/\\\/www.epluse.fi\\\/#\\\/schema\\\/logo\\\/image\\\/\",\"url\":\"https:\\\/\\\/www.epluse.fi\\\/wp-content\\\/uploads\\\/2021\\\/07\\\/cropped-EE_logo_RGB_musta.jpg\",\"contentUrl\":\"https:\\\/\\\/www.epluse.fi\\\/wp-content\\\/uploads\\\/2021\\\/07\\\/cropped-EE_logo_RGB_musta.jpg\",\"width\":354,\"height\":421,\"caption\":\"Energy Plus Engineering Oy\"},\"image\":{\"@id\":\"https:\\\/\\\/www.epluse.fi\\\/#\\\/schema\\\/logo\\\/image\\\/\"},\"sameAs\":[\"https:\\\/\\\/www.linkedin.com\\\/company\\\/energy-plus-engineering-oy\"]}]}<\/script>\n<!-- \/ Yoast SEO plugin. -->","yoast_head_json":{"title":"Tarinamme - Energy Plus Engineering Oy","description":"Kiinteist\u00f6sektorilla on suuri rooli maailmalla meneill\u00e4\u00e4n olevassa murroksessa. Rakennukset ja rakentaminen aiheuttavat nimitt\u00e4in maailman p\u00e4\u00e4st\u00f6ist\u00e4 l\u00e4hes 40 %:a. S\u00e4hk\u00f6istyminen on vallitseva megatrendi ja se on ratkaisu my\u00f6s osaan kiinteist\u00f6sektorin kohtaamista haasteista. N\u00e4kemyksemme mukaan toinen ratkaisuista on kiinteist\u00f6jen energiank\u00e4yt\u00f6n ja -tuoton kokonaisuuden hallinta.","robots":{"index":"index","follow":"follow","max-snippet":"max-snippet:-1","max-image-preview":"max-image-preview:large","max-video-preview":"max-video-preview:-1"},"canonical":"https:\/\/www.epluse.fi\/?page_id=13","og_locale":"fi_FI","og_type":"article","og_title":"Tarinamme - Energy Plus Engineering Oy","og_description":"Kiinteist\u00f6sektorilla on suuri rooli maailmalla meneill\u00e4\u00e4n olevassa murroksessa. Rakennukset ja rakentaminen aiheuttavat nimitt\u00e4in maailman p\u00e4\u00e4st\u00f6ist\u00e4 l\u00e4hes 40 %:a. S\u00e4hk\u00f6istyminen on vallitseva megatrendi ja se on ratkaisu my\u00f6s osaan kiinteist\u00f6sektorin kohtaamista haasteista. N\u00e4kemyksemme mukaan toinen ratkaisuista on kiinteist\u00f6jen energiank\u00e4yt\u00f6n ja -tuoton kokonaisuuden hallinta.","og_url":"https:\/\/www.epluse.fi\/?page_id=13","og_site_name":"Energy Plus Engineering Oy","article_modified_time":"2026-02-19T11:55:10+00:00","og_image":[{"width":2445,"height":1554,"url":"https:\/\/www.epluse.fi\/wp-content\/uploads\/2026\/02\/poppoo-rajattu.jpeg","type":"image\/jpeg"}],"twitter_card":"summary_large_image","twitter_misc":{"Arvioitu lukuaika":"2 minuuttia"},"schema":{"@context":"https:\/\/schema.org","@graph":[{"@type":"WebPage","@id":"https:\/\/www.epluse.fi\/?page_id=13","url":"https:\/\/www.epluse.fi\/?page_id=13","name":"Tarinamme - Energy Plus Engineering Oy","isPartOf":{"@id":"https:\/\/www.epluse.fi\/#website"},"primaryImageOfPage":{"@id":"https:\/\/www.epluse.fi\/?page_id=13#primaryimage"},"image":{"@id":"https:\/\/www.epluse.fi\/?page_id=13#primaryimage"},"thumbnailUrl":"https:\/\/www.epluse.fi\/wp-content\/uploads\/2026\/02\/poppoo-rajattu-1024x651.jpeg","datePublished":"2021-07-26T12:07:34+00:00","dateModified":"2026-02-19T11:55:10+00:00","description":"Kiinteist\u00f6sektorilla on suuri rooli maailmalla meneill\u00e4\u00e4n olevassa murroksessa. Rakennukset ja rakentaminen aiheuttavat nimitt\u00e4in maailman p\u00e4\u00e4st\u00f6ist\u00e4 l\u00e4hes 40 %:a. S\u00e4hk\u00f6istyminen on vallitseva megatrendi ja se on ratkaisu my\u00f6s osaan kiinteist\u00f6sektorin kohtaamista haasteista. N\u00e4kemyksemme mukaan toinen ratkaisuista on kiinteist\u00f6jen energiank\u00e4yt\u00f6n ja -tuoton kokonaisuuden hallinta.","breadcrumb":{"@id":"https:\/\/www.epluse.fi\/?page_id=13#breadcrumb"},"inLanguage":"fi","potentialAction":[{"@type":"ReadAction","target":["https:\/\/www.epluse.fi\/?page_id=13"]}]},{"@type":"ImageObject","inLanguage":"fi","@id":"https:\/\/www.epluse.fi\/?page_id=13#primaryimage","url":"https:\/\/www.epluse.fi\/wp-content\/uploads\/2026\/02\/poppoo-rajattu.jpeg","contentUrl":"https:\/\/www.epluse.fi\/wp-content\/uploads\/2026\/02\/poppoo-rajattu.jpeg","width":2445,"height":1554},{"@type":"BreadcrumbList","@id":"https:\/\/www.epluse.fi\/?page_id=13#breadcrumb","itemListElement":[{"@type":"ListItem","position":1,"name":"Etusivu","item":"https:\/\/www.epluse.fi\/"},{"@type":"ListItem","position":2,"name":"Tarinamme"}]},{"@type":"WebSite","@id":"https:\/\/www.epluse.fi\/#website","url":"https:\/\/www.epluse.fi\/","name":"Energy Plus Engineering Oy","description":"","publisher":{"@id":"https:\/\/www.epluse.fi\/#organization"},"potentialAction":[{"@type":"SearchAction","target":{"@type":"EntryPoint","urlTemplate":"https:\/\/www.epluse.fi\/?s={search_term_string}"},"query-input":{"@type":"PropertyValueSpecification","valueRequired":true,"valueName":"search_term_string"}}],"inLanguage":"fi"},{"@type":"Organization","@id":"https:\/\/www.epluse.fi\/#organization","name":"Energy Plus Engineering Oy","url":"https:\/\/www.epluse.fi\/","logo":{"@type":"ImageObject","inLanguage":"fi","@id":"https:\/\/www.epluse.fi\/#\/schema\/logo\/image\/","url":"https:\/\/www.epluse.fi\/wp-content\/uploads\/2021\/07\/cropped-EE_logo_RGB_musta.jpg","contentUrl":"https:\/\/www.epluse.fi\/wp-content\/uploads\/2021\/07\/cropped-EE_logo_RGB_musta.jpg","width":354,"height":421,"caption":"Energy Plus Engineering Oy"},"image":{"@id":"https:\/\/www.epluse.fi\/#\/schema\/logo\/image\/"},"sameAs":["https:\/\/www.linkedin.com\/company\/energy-plus-engineering-oy"]}]}},"_links":{"self":[{"href":"https:\/\/www.epluse.fi\/index.php?rest_route=\/wp\/v2\/pages\/13","targetHints":{"allow":["GET"]}}],"collection":[{"href":"https:\/\/www.epluse.fi\/index.php?rest_route=\/wp\/v2\/pages"}],"about":[{"href":"https:\/\/www.epluse.fi\/index.php?rest_route=\/wp\/v2\/types\/page"}],"author":[{"embeddable":true,"href":"https:\/\/www.epluse.fi\/index.php?rest_route=\/wp\/v2\/users\/1"}],"replies":[{"embeddable":true,"href":"https:\/\/www.epluse.fi\/index.php?rest_route=%2Fwp%2Fv2%2Fcomments&post=13"}],"version-history":[{"count":18,"href":"https:\/\/www.epluse.fi\/index.php?rest_route=\/wp\/v2\/pages\/13\/revisions"}],"predecessor-version":[{"id":607,"href":"https:\/\/www.epluse.fi\/index.php?rest_route=\/wp\/v2\/pages\/13\/revisions\/607"}],"wp:attachment":[{"href":"https:\/\/www.epluse.fi\/index.php?rest_route=%2Fwp%2Fv2%2Fmedia&parent=13"}],"curies":[{"name":"wp","href":"https:\/\/api.w.org\/{rel}","templated":true}]}}